{"id":83,"date":"2023-01-30T23:30:31","date_gmt":"2023-01-30T22:30:31","guid":{"rendered":"https:\/\/www.soleilgmbh.at\/shop\/?post_type=product&#038;p=83"},"modified":"2025-05-30T21:19:17","modified_gmt":"2025-05-30T19:19:17","slug":"schwimmfisch","status":"publish","type":"product","link":"https:\/\/www.soleilgmbh.at\/shop\/produkt\/schwimmfisch\/","title":{"rendered":"Schwimmfisch"},"content":{"rendered":"<p>Der Schwimmfisch ist eine vielseitig einsetzbare Schwimmhilfe f\u00fcr Babys, Kinder und sogar Erwachsene<\/p>\n<ul>\n<li>Die bunten Farben sind f\u00fcr Babys ansprechend<\/li>\n<li>Der Fisch ist f\u00fcr gro\u00dfe Kinder sehr motivierend zum Schwimmen lernen. Am besten suchen sie sich ihre Lieblingsfarbe selber aus!<\/li>\n<li>Babys starten im Schwimmfisch mit den Beintempos im Wasser<\/li>\n<li>\u00c4ltere Schwimmprofis lernen leicht den Brustschwimmarmzug (Pfeil und Bogen)<\/li>\n<li>Der Schwimmfisch kann auch in der R\u00fcckenlage zum Erlernen des R\u00fcckenschwimmens verwendet werden<\/li>\n<li>Langlebig und leicht zu reinigen<\/li>\n<li>F\u00f6rdert Motorik und Bewegungskoordination<\/li>\n<\/ul>\n","protected":false},"excerpt":{"rendered":"<p>Der Schwimmfisch ist eine vielseitig einsetzbare Schwimmhilfe f\u00fcr Babys, Kinder und sogar Erwachsene<\/p>\n<ul>\n<li>Die bunten Farben sind f\u00fcr Babys ansprechend<\/li>\n<li>Der Fisch ist f\u00fcr gro\u00dfe Kinder sehr motivierend zum Schwimmen lernen. Am besten suchen sie sich ihre Lieblingsfarbe selber aus!<\/li>\n<li>Babys starten im Schwimmfisch mit den Beintempos im Wasser<\/li>\n<li>\u00c4ltere Schwimmprofis lernen leicht den Brustschwimmarmzug (Pfeil und Bogen)<\/li>\n<li>Der Schwimmfisch kann auch in der R\u00fcckenlage zum Erlernen des R\u00fcckenschwimmens verwendet werden<\/li>\n<li>Langlebig und leicht zu reinigen<\/li>\n<li>F\u00f6rdert Motorik und Bewegungskoordination<\/li>\n<\/ul>\n","protected":false},"featured_media":90,"template":"","meta":[],"product_cat":[57,77,64,20],"product_tag":[59,60,66,67,68,69,70],"class_list":{"0":"post-83","1":"product","2":"type-product","3":"status-publish","4":"has-post-thumbnail","6":"product_cat-babys","7":"product_cat-erwachsene","8":"product_cat-kinder","9":"product_cat-schwimmhilfen","10":"product_tag-baby","11":"product_tag-foerderung","12":"product_tag-kinder","13":"product_tag-schwimmenlernen","14":"product_tag-schwimmfisch","15":"product_tag-schwimmhilfe","16":"product_tag-schwimmunterricht","18":"first","19":"instock","20":"taxable","21":"shipping-taxable","22":"purchasable","23":"product-type-variable"},"yoast_head":"<!-- This site is optimized with the Yoast SEO plugin v23.0 - https:\/\/yoast.com\/wordpress\/plugins\/seo\/ -->\n<title>Schwimmfisch - Soleil GmbH Shop<\/title>\n<meta name=\"robots\" content=\"index, follow, max-snippet:-1, max-image-preview:large, max-video-preview:-1\" \/>\n<link rel=\"canonical\" href=\"https:\/\/www.soleilgmbh.at\/shop\/produkt\/schwimmfisch\/\" \/>\n<meta property=\"og:locale\" content=\"de_DE\" \/>\n<meta property=\"og:type\" content=\"article\" \/>\n<meta property=\"og:title\" content=\"Schwimmfisch - Soleil GmbH Shop\" \/>\n<meta property=\"og:description\" content=\"Der Schwimmfisch ist eine vielseitig einsetzbare Schwimmhilfe f\u00fcr Babys, Kinder und sogar Erwachsene   Die bunten Farben sind f\u00fcr Babys ansprechend  Der Fisch ist f\u00fcr gro\u00dfe Kinder sehr motivierend zum Schwimmen lernen. Am besten suchen sie sich ihre Lieblingsfarbe selber aus!  Babys starten im Schwimmfisch mit den Beintempos im Wasser  \u00c4ltere Schwimmprofis lernen leicht den Brustschwimmarmzug (Pfeil und Bogen)  Der Schwimmfisch kann auch in der R\u00fcckenlage zum Erlernen des R\u00fcckenschwimmens verwendet werden  Langlebig und leicht zu reinigen  F\u00f6rdert Motorik und Bewegungskoordination\" \/>\n<meta property=\"og:url\" content=\"https:\/\/www.soleilgmbh.at\/shop\/produkt\/schwimmfisch\/\" \/>\n<meta property=\"og:site_name\" content=\"Soleil GmbH Shop\" \/>\n<meta property=\"article:modified_time\" content=\"2025-05-30T19:19:17+00:00\" \/>\n<meta property=\"og:image\" content=\"https:\/\/www.soleilgmbh.at\/shop\/wp-content\/uploads\/sites\/5\/2023\/01\/Schwimmfisch-01.jpg\" \/>\n\t<meta property=\"og:image:width\" content=\"1800\" \/>\n\t<meta property=\"og:image:height\" content=\"1200\" \/>\n\t<meta property=\"og:image:type\" content=\"image\/jpeg\" \/>\n<meta name=\"twitter:card\" content=\"summary_large_image\" \/>\n<meta name=\"twitter:label1\" content=\"Gesch\u00e4tzte Lesezeit\" \/>\n\t<meta name=\"twitter:data1\" content=\"1\u00a0Minute\" \/>\n<script type=\"application\/ld+json\" class=\"yoast-schema-graph\">{\"@context\":\"https:\/\/schema.org\",\"@graph\":[{\"@type\":\"WebPage\",\"@id\":\"https:\/\/www.soleilgmbh.at\/shop\/produkt\/schwimmfisch\/\",\"url\":\"https:\/\/www.soleilgmbh.at\/shop\/produkt\/schwimmfisch\/\",\"name\":\"Schwimmfisch - Soleil GmbH Shop\",\"isPartOf\":{\"@id\":\"https:\/\/www.soleilgmbh.at\/shop\/#website\"},\"primaryImageOfPage\":{\"@id\":\"https:\/\/www.soleilgmbh.at\/shop\/produkt\/schwimmfisch\/#primaryimage\"},\"image\":{\"@id\":\"https:\/\/www.soleilgmbh.at\/shop\/produkt\/schwimmfisch\/#primaryimage\"},\"thumbnailUrl\":\"https:\/\/www.soleilgmbh.at\/shop\/wp-content\/uploads\/sites\/5\/2023\/01\/Schwimmfisch-01.jpg\",\"datePublished\":\"2023-01-30T22:30:31+00:00\",\"dateModified\":\"2025-05-30T19:19:17+00:00\",\"breadcrumb\":{\"@id\":\"https:\/\/www.soleilgmbh.at\/shop\/produkt\/schwimmfisch\/#breadcrumb\"},\"inLanguage\":\"de\",\"potentialAction\":[{\"@type\":\"ReadAction\",\"target\":[\"https:\/\/www.soleilgmbh.at\/shop\/produkt\/schwimmfisch\/\"]}]},{\"@type\":\"ImageObject\",\"inLanguage\":\"de\",\"@id\":\"https:\/\/www.soleilgmbh.at\/shop\/produkt\/schwimmfisch\/#primaryimage\",\"url\":\"https:\/\/www.soleilgmbh.at\/shop\/wp-content\/uploads\/sites\/5\/2023\/01\/Schwimmfisch-01.jpg\",\"contentUrl\":\"https:\/\/www.soleilgmbh.at\/shop\/wp-content\/uploads\/sites\/5\/2023\/01\/Schwimmfisch-01.jpg\",\"width\":1800,\"height\":1200},{\"@type\":\"BreadcrumbList\",\"@id\":\"https:\/\/www.soleilgmbh.at\/shop\/produkt\/schwimmfisch\/#breadcrumb\",\"itemListElement\":[{\"@type\":\"ListItem\",\"position\":1,\"name\":\"Startseite\",\"item\":\"https:\/\/www.soleilgmbh.at\/shop\/\"},{\"@type\":\"ListItem\",\"position\":2,\"name\":\"Shop\",\"item\":\"https:\/\/www.soleilgmbh.at\/shop\/shop\/\"},{\"@type\":\"ListItem\",\"position\":3,\"name\":\"Schwimmfisch\"}]},{\"@type\":\"WebSite\",\"@id\":\"https:\/\/www.soleilgmbh.at\/shop\/#website\",\"url\":\"https:\/\/www.soleilgmbh.at\/shop\/\",\"name\":\"Soleil GmbH Shop\",\"description\":\"\",\"publisher\":{\"@id\":\"https:\/\/www.soleilgmbh.at\/shop\/#organization\"},\"potentialAction\":[{\"@type\":\"SearchAction\",\"target\":{\"@type\":\"EntryPoint\",\"urlTemplate\":\"https:\/\/www.soleilgmbh.at\/shop\/?s={search_term_string}\"},\"query-input\":\"required name=search_term_string\"}],\"inLanguage\":\"de\"},{\"@type\":\"Organization\",\"@id\":\"https:\/\/www.soleilgmbh.at\/shop\/#organization\",\"name\":\"Soleil GmbH Shop\",\"url\":\"https:\/\/www.soleilgmbh.at\/shop\/\",\"logo\":{\"@type\":\"ImageObject\",\"inLanguage\":\"de\",\"@id\":\"https:\/\/www.soleilgmbh.at\/shop\/#\/schema\/logo\/image\/\",\"url\":\"https:\/\/www.soleilgmbh.at\/shop\/wp-content\/uploads\/sites\/5\/2023\/01\/EauSoleMio-Schwimmzeug-.-.png\",\"contentUrl\":\"https:\/\/www.soleilgmbh.at\/shop\/wp-content\/uploads\/sites\/5\/2023\/01\/EauSoleMio-Schwimmzeug-.-.png\",\"width\":1448,\"height\":370,\"caption\":\"Soleil GmbH Shop\"},\"image\":{\"@id\":\"https:\/\/www.soleilgmbh.at\/shop\/#\/schema\/logo\/image\/\"}}]}<\/script>\n<!-- \/ Yoast SEO plugin. -->","yoast_head_json":{"title":"Schwimmfisch - Soleil GmbH Shop","robots":{"index":"index","follow":"follow","max-snippet":"max-snippet:-1","max-image-preview":"max-image-preview:large","max-video-preview":"max-video-preview:-1"},"canonical":"https:\/\/www.soleilgmbh.at\/shop\/produkt\/schwimmfisch\/","og_locale":"de_DE","og_type":"article","og_title":"Schwimmfisch - Soleil GmbH Shop","og_description":"Der Schwimmfisch ist eine vielseitig einsetzbare Schwimmhilfe f\u00fcr Babys, Kinder und sogar Erwachsene   Die bunten Farben sind f\u00fcr Babys ansprechend  Der Fisch ist f\u00fcr gro\u00dfe Kinder sehr motivierend zum Schwimmen lernen. Am besten suchen sie sich ihre Lieblingsfarbe selber aus!  Babys starten im Schwimmfisch mit den Beintempos im Wasser  \u00c4ltere Schwimmprofis lernen leicht den Brustschwimmarmzug (Pfeil und Bogen)  Der Schwimmfisch kann auch in der R\u00fcckenlage zum Erlernen des R\u00fcckenschwimmens verwendet werden  Langlebig und leicht zu reinigen  F\u00f6rdert Motorik und Bewegungskoordination","og_url":"https:\/\/www.soleilgmbh.at\/shop\/produkt\/schwimmfisch\/","og_site_name":"Soleil GmbH Shop","article_modified_time":"2025-05-30T19:19:17+00:00","og_image":[{"width":1800,"height":1200,"url":"https:\/\/www.soleilgmbh.at\/shop\/wp-content\/uploads\/sites\/5\/2023\/01\/Schwimmfisch-01.jpg","type":"image\/jpeg"}],"twitter_card":"summary_large_image","twitter_misc":{"Gesch\u00e4tzte Lesezeit":"1\u00a0Minute"},"schema":{"@context":"https:\/\/schema.org","@graph":[{"@type":"WebPage","@id":"https:\/\/www.soleilgmbh.at\/shop\/produkt\/schwimmfisch\/","url":"https:\/\/www.soleilgmbh.at\/shop\/produkt\/schwimmfisch\/","name":"Schwimmfisch - Soleil GmbH Shop","isPartOf":{"@id":"https:\/\/www.soleilgmbh.at\/shop\/#website"},"primaryImageOfPage":{"@id":"https:\/\/www.soleilgmbh.at\/shop\/produkt\/schwimmfisch\/#primaryimage"},"image":{"@id":"https:\/\/www.soleilgmbh.at\/shop\/produkt\/schwimmfisch\/#primaryimage"},"thumbnailUrl":"https:\/\/www.soleilgmbh.at\/shop\/wp-content\/uploads\/sites\/5\/2023\/01\/Schwimmfisch-01.jpg","datePublished":"2023-01-30T22:30:31+00:00","dateModified":"2025-05-30T19:19:17+00:00","breadcrumb":{"@id":"https:\/\/www.soleilgmbh.at\/shop\/produkt\/schwimmfisch\/#breadcrumb"},"inLanguage":"de","potentialAction":[{"@type":"ReadAction","target":["https:\/\/www.soleilgmbh.at\/shop\/produkt\/schwimmfisch\/"]}]},{"@type":"ImageObject","inLanguage":"de","@id":"https:\/\/www.soleilgmbh.at\/shop\/produkt\/schwimmfisch\/#primaryimage","url":"https:\/\/www.soleilgmbh.at\/shop\/wp-content\/uploads\/sites\/5\/2023\/01\/Schwimmfisch-01.jpg","contentUrl":"https:\/\/www.soleilgmbh.at\/shop\/wp-content\/uploads\/sites\/5\/2023\/01\/Schwimmfisch-01.jpg","width":1800,"height":1200},{"@type":"BreadcrumbList","@id":"https:\/\/www.soleilgmbh.at\/shop\/produkt\/schwimmfisch\/#breadcrumb","itemListElement":[{"@type":"ListItem","position":1,"name":"Startseite","item":"https:\/\/www.soleilgmbh.at\/shop\/"},{"@type":"ListItem","position":2,"name":"Shop","item":"https:\/\/www.soleilgmbh.at\/shop\/shop\/"},{"@type":"ListItem","position":3,"name":"Schwimmfisch"}]},{"@type":"WebSite","@id":"https:\/\/www.soleilgmbh.at\/shop\/#website","url":"https:\/\/www.soleilgmbh.at\/shop\/","name":"Soleil GmbH Shop","description":"","publisher":{"@id":"https:\/\/www.soleilgmbh.at\/shop\/#organization"},"potentialAction":[{"@type":"SearchAction","target":{"@type":"EntryPoint","urlTemplate":"https:\/\/www.soleilgmbh.at\/shop\/?s={search_term_string}"},"query-input":"required name=search_term_string"}],"inLanguage":"de"},{"@type":"Organization","@id":"https:\/\/www.soleilgmbh.at\/shop\/#organization","name":"Soleil GmbH Shop","url":"https:\/\/www.soleilgmbh.at\/shop\/","logo":{"@type":"ImageObject","inLanguage":"de","@id":"https:\/\/www.soleilgmbh.at\/shop\/#\/schema\/logo\/image\/","url":"https:\/\/www.soleilgmbh.at\/shop\/wp-content\/uploads\/sites\/5\/2023\/01\/EauSoleMio-Schwimmzeug-.-.png","contentUrl":"https:\/\/www.soleilgmbh.at\/shop\/wp-content\/uploads\/sites\/5\/2023\/01\/EauSoleMio-Schwimmzeug-.-.png","width":1448,"height":370,"caption":"Soleil GmbH Shop"},"image":{"@id":"https:\/\/www.soleilgmbh.at\/shop\/#\/schema\/logo\/image\/"}}]}},"_links":{"self":[{"href":"https:\/\/www.soleilgmbh.at\/shop\/wp-json\/wp\/v2\/product\/83"}],"collection":[{"href":"https:\/\/www.soleilgmbh.at\/shop\/wp-json\/wp\/v2\/product"}],"about":[{"href":"https:\/\/www.soleilgmbh.at\/shop\/wp-json\/wp\/v2\/types\/product"}],"wp:featuredmedia":[{"embeddable":true,"href":"https:\/\/www.soleilgmbh.at\/shop\/wp-json\/wp\/v2\/media\/90"}],"wp:attachment":[{"href":"https:\/\/www.soleilgmbh.at\/shop\/wp-json\/wp\/v2\/media?parent=83"}],"wp:term":[{"taxonomy":"product_cat","embeddable":true,"href":"https:\/\/www.soleilgmbh.at\/shop\/wp-json\/wp\/v2\/product_cat?post=83"},{"taxonomy":"product_tag","embeddable":true,"href":"https:\/\/www.soleilgmbh.at\/shop\/wp-json\/wp\/v2\/product_tag?post=83"}],"curies":[{"name":"wp","href":"https:\/\/api.w.org\/{rel}","templated":true}]}}