{"id":625,"date":"2025-03-25T21:48:12","date_gmt":"2025-03-25T20:48:12","guid":{"rendered":"https:\/\/www.soleilgmbh.at\/shop\/?post_type=product&#038;p=625"},"modified":"2025-04-08T19:13:04","modified_gmt":"2025-04-08T17:13:04","slug":"burgilino-water-ceiling","status":"publish","type":"product","link":"https:\/\/www.soleilgmbh.at\/shop\/produkt\/burgilino-water-ceiling\/","title":{"rendered":"Burgilino Wasserwiege"},"content":{"rendered":"<p>Die Burgilino Wasserwiege aus \u00d6sterreich erm\u00f6glicht es deinem Kind, sich frei bewegen und selbstbestimmt das Element Wasser zu erforschen.<\/p>\n<p>&nbsp;<\/p>\n","protected":false},"excerpt":{"rendered":"<p>Die Burgilino Wasserwiege aus \u00d6sterreich erm\u00f6glicht es deinem Kind, sich frei bewegen und selbstbestimmt das Element Wasser zu erforschen.<\/p>\n<p style=\"font-weight: 400\">Achtung Versandkosten der burgilino wegen \u00dcbergr\u00f6\u00dfe \u20ac 19,90. Abholung kostenfrei m\u00f6glich!<\/p>\n","protected":false},"featured_media":634,"template":"","meta":[],"product_cat":[20],"product_tag":[],"class_list":{"0":"post-625","1":"product","2":"type-product","3":"status-publish","4":"has-post-thumbnail","6":"product_cat-schwimmhilfen","7":"product_shipping_class-grosse-gegenstaende","9":"first","10":"instock","11":"taxable","12":"shipping-taxable","13":"purchasable","14":"product-type-variable"},"yoast_head":"<!-- This site is optimized with the Yoast SEO plugin v23.0 - https:\/\/yoast.com\/wordpress\/plugins\/seo\/ -->\n<title>Burgilino Wasserwiege - Soleil GmbH Shop<\/title>\n<meta name=\"description\" content=\"Die Burgilino Wasserwiege aus \u00d6sterreich erm\u00f6glicht es deinem Kind, sich frei bewegen und selbstbestimmt das Element Wasser zu erforschen.\" \/>\n<meta name=\"robots\" content=\"index, follow, max-snippet:-1, max-image-preview:large, max-video-preview:-1\" \/>\n<link rel=\"canonical\" href=\"https:\/\/www.soleilgmbh.at\/shop\/produkt\/burgilino-water-ceiling\/\" \/>\n<meta property=\"og:locale\" content=\"de_DE\" \/>\n<meta property=\"og:type\" content=\"article\" \/>\n<meta property=\"og:title\" content=\"Burgilino Wasserwiege - Soleil GmbH Shop\" \/>\n<meta property=\"og:description\" content=\"Die Burgilino Wasserwiege aus \u00d6sterreich erm\u00f6glicht es deinem Kind, sich frei bewegen und selbstbestimmt das Element Wasser zu erforschen.\" \/>\n<meta property=\"og:url\" content=\"https:\/\/www.soleilgmbh.at\/shop\/produkt\/burgilino-water-ceiling\/\" \/>\n<meta property=\"og:site_name\" content=\"Soleil GmbH Shop\" \/>\n<meta property=\"article:modified_time\" content=\"2025-04-08T17:13:04+00:00\" \/>\n<meta property=\"og:image\" content=\"https:\/\/www.soleilgmbh.at\/shop\/wp-content\/uploads\/sites\/5\/2025\/03\/unnamed.jpg\" \/>\n\t<meta property=\"og:image:width\" content=\"488\" \/>\n\t<meta property=\"og:image:height\" content=\"475\" \/>\n\t<meta property=\"og:image:type\" content=\"image\/jpeg\" \/>\n<meta name=\"twitter:card\" content=\"summary_large_image\" \/>\n<meta name=\"twitter:label1\" content=\"Gesch\u00e4tzte Lesezeit\" \/>\n\t<meta name=\"twitter:data1\" content=\"1\u00a0Minute\" \/>\n<script type=\"application\/ld+json\" class=\"yoast-schema-graph\">{\"@context\":\"https:\/\/schema.org\",\"@graph\":[{\"@type\":\"WebPage\",\"@id\":\"https:\/\/www.soleilgmbh.at\/shop\/produkt\/burgilino-water-ceiling\/\",\"url\":\"https:\/\/www.soleilgmbh.at\/shop\/produkt\/burgilino-water-ceiling\/\",\"name\":\"Burgilino Wasserwiege - Soleil GmbH Shop\",\"isPartOf\":{\"@id\":\"https:\/\/www.soleilgmbh.at\/shop\/#website\"},\"primaryImageOfPage\":{\"@id\":\"https:\/\/www.soleilgmbh.at\/shop\/produkt\/burgilino-water-ceiling\/#primaryimage\"},\"image\":{\"@id\":\"https:\/\/www.soleilgmbh.at\/shop\/produkt\/burgilino-water-ceiling\/#primaryimage\"},\"thumbnailUrl\":\"https:\/\/www.soleilgmbh.at\/shop\/wp-content\/uploads\/sites\/5\/2025\/03\/unnamed.jpg\",\"datePublished\":\"2025-03-25T20:48:12+00:00\",\"dateModified\":\"2025-04-08T17:13:04+00:00\",\"description\":\"Die Burgilino Wasserwiege aus \u00d6sterreich erm\u00f6glicht es deinem Kind, sich frei bewegen und selbstbestimmt das Element Wasser zu erforschen.\",\"breadcrumb\":{\"@id\":\"https:\/\/www.soleilgmbh.at\/shop\/produkt\/burgilino-water-ceiling\/#breadcrumb\"},\"inLanguage\":\"de\",\"potentialAction\":[{\"@type\":\"ReadAction\",\"target\":[\"https:\/\/www.soleilgmbh.at\/shop\/produkt\/burgilino-water-ceiling\/\"]}]},{\"@type\":\"ImageObject\",\"inLanguage\":\"de\",\"@id\":\"https:\/\/www.soleilgmbh.at\/shop\/produkt\/burgilino-water-ceiling\/#primaryimage\",\"url\":\"https:\/\/www.soleilgmbh.at\/shop\/wp-content\/uploads\/sites\/5\/2025\/03\/unnamed.jpg\",\"contentUrl\":\"https:\/\/www.soleilgmbh.at\/shop\/wp-content\/uploads\/sites\/5\/2025\/03\/unnamed.jpg\",\"width\":488,\"height\":475},{\"@type\":\"BreadcrumbList\",\"@id\":\"https:\/\/www.soleilgmbh.at\/shop\/produkt\/burgilino-water-ceiling\/#breadcrumb\",\"itemListElement\":[{\"@type\":\"ListItem\",\"position\":1,\"name\":\"Startseite\",\"item\":\"https:\/\/www.soleilgmbh.at\/shop\/\"},{\"@type\":\"ListItem\",\"position\":2,\"name\":\"Shop\",\"item\":\"https:\/\/www.soleilgmbh.at\/shop\/shop\/\"},{\"@type\":\"ListItem\",\"position\":3,\"name\":\"Burgilino Wasserwiege\"}]},{\"@type\":\"WebSite\",\"@id\":\"https:\/\/www.soleilgmbh.at\/shop\/#website\",\"url\":\"https:\/\/www.soleilgmbh.at\/shop\/\",\"name\":\"Soleil GmbH Shop\",\"description\":\"\",\"publisher\":{\"@id\":\"https:\/\/www.soleilgmbh.at\/shop\/#organization\"},\"potentialAction\":[{\"@type\":\"SearchAction\",\"target\":{\"@type\":\"EntryPoint\",\"urlTemplate\":\"https:\/\/www.soleilgmbh.at\/shop\/?s={search_term_string}\"},\"query-input\":\"required name=search_term_string\"}],\"inLanguage\":\"de\"},{\"@type\":\"Organization\",\"@id\":\"https:\/\/www.soleilgmbh.at\/shop\/#organization\",\"name\":\"Soleil GmbH Shop\",\"url\":\"https:\/\/www.soleilgmbh.at\/shop\/\",\"logo\":{\"@type\":\"ImageObject\",\"inLanguage\":\"de\",\"@id\":\"https:\/\/www.soleilgmbh.at\/shop\/#\/schema\/logo\/image\/\",\"url\":\"https:\/\/www.soleilgmbh.at\/shop\/wp-content\/uploads\/sites\/5\/2023\/01\/EauSoleMio-Schwimmzeug-.-.png\",\"contentUrl\":\"https:\/\/www.soleilgmbh.at\/shop\/wp-content\/uploads\/sites\/5\/2023\/01\/EauSoleMio-Schwimmzeug-.-.png\",\"width\":1448,\"height\":370,\"caption\":\"Soleil GmbH Shop\"},\"image\":{\"@id\":\"https:\/\/www.soleilgmbh.at\/shop\/#\/schema\/logo\/image\/\"}}]}<\/script>\n<!-- \/ Yoast SEO plugin. -->","yoast_head_json":{"title":"Burgilino Wasserwiege - Soleil GmbH Shop","description":"Die Burgilino Wasserwiege aus \u00d6sterreich erm\u00f6glicht es deinem Kind, sich frei bewegen und selbstbestimmt das Element Wasser zu erforschen.","robots":{"index":"index","follow":"follow","max-snippet":"max-snippet:-1","max-image-preview":"max-image-preview:large","max-video-preview":"max-video-preview:-1"},"canonical":"https:\/\/www.soleilgmbh.at\/shop\/produkt\/burgilino-water-ceiling\/","og_locale":"de_DE","og_type":"article","og_title":"Burgilino Wasserwiege - Soleil GmbH Shop","og_description":"Die Burgilino Wasserwiege aus \u00d6sterreich erm\u00f6glicht es deinem Kind, sich frei bewegen und selbstbestimmt das Element Wasser zu erforschen.","og_url":"https:\/\/www.soleilgmbh.at\/shop\/produkt\/burgilino-water-ceiling\/","og_site_name":"Soleil GmbH Shop","article_modified_time":"2025-04-08T17:13:04+00:00","og_image":[{"width":488,"height":475,"url":"https:\/\/www.soleilgmbh.at\/shop\/wp-content\/uploads\/sites\/5\/2025\/03\/unnamed.jpg","type":"image\/jpeg"}],"twitter_card":"summary_large_image","twitter_misc":{"Gesch\u00e4tzte Lesezeit":"1\u00a0Minute"},"schema":{"@context":"https:\/\/schema.org","@graph":[{"@type":"WebPage","@id":"https:\/\/www.soleilgmbh.at\/shop\/produkt\/burgilino-water-ceiling\/","url":"https:\/\/www.soleilgmbh.at\/shop\/produkt\/burgilino-water-ceiling\/","name":"Burgilino Wasserwiege - Soleil GmbH Shop","isPartOf":{"@id":"https:\/\/www.soleilgmbh.at\/shop\/#website"},"primaryImageOfPage":{"@id":"https:\/\/www.soleilgmbh.at\/shop\/produkt\/burgilino-water-ceiling\/#primaryimage"},"image":{"@id":"https:\/\/www.soleilgmbh.at\/shop\/produkt\/burgilino-water-ceiling\/#primaryimage"},"thumbnailUrl":"https:\/\/www.soleilgmbh.at\/shop\/wp-content\/uploads\/sites\/5\/2025\/03\/unnamed.jpg","datePublished":"2025-03-25T20:48:12+00:00","dateModified":"2025-04-08T17:13:04+00:00","description":"Die Burgilino Wasserwiege aus \u00d6sterreich erm\u00f6glicht es deinem Kind, sich frei bewegen und selbstbestimmt das Element Wasser zu erforschen.","breadcrumb":{"@id":"https:\/\/www.soleilgmbh.at\/shop\/produkt\/burgilino-water-ceiling\/#breadcrumb"},"inLanguage":"de","potentialAction":[{"@type":"ReadAction","target":["https:\/\/www.soleilgmbh.at\/shop\/produkt\/burgilino-water-ceiling\/"]}]},{"@type":"ImageObject","inLanguage":"de","@id":"https:\/\/www.soleilgmbh.at\/shop\/produkt\/burgilino-water-ceiling\/#primaryimage","url":"https:\/\/www.soleilgmbh.at\/shop\/wp-content\/uploads\/sites\/5\/2025\/03\/unnamed.jpg","contentUrl":"https:\/\/www.soleilgmbh.at\/shop\/wp-content\/uploads\/sites\/5\/2025\/03\/unnamed.jpg","width":488,"height":475},{"@type":"BreadcrumbList","@id":"https:\/\/www.soleilgmbh.at\/shop\/produkt\/burgilino-water-ceiling\/#breadcrumb","itemListElement":[{"@type":"ListItem","position":1,"name":"Startseite","item":"https:\/\/www.soleilgmbh.at\/shop\/"},{"@type":"ListItem","position":2,"name":"Shop","item":"https:\/\/www.soleilgmbh.at\/shop\/shop\/"},{"@type":"ListItem","position":3,"name":"Burgilino Wasserwiege"}]},{"@type":"WebSite","@id":"https:\/\/www.soleilgmbh.at\/shop\/#website","url":"https:\/\/www.soleilgmbh.at\/shop\/","name":"Soleil GmbH Shop","description":"","publisher":{"@id":"https:\/\/www.soleilgmbh.at\/shop\/#organization"},"potentialAction":[{"@type":"SearchAction","target":{"@type":"EntryPoint","urlTemplate":"https:\/\/www.soleilgmbh.at\/shop\/?s={search_term_string}"},"query-input":"required name=search_term_string"}],"inLanguage":"de"},{"@type":"Organization","@id":"https:\/\/www.soleilgmbh.at\/shop\/#organization","name":"Soleil GmbH Shop","url":"https:\/\/www.soleilgmbh.at\/shop\/","logo":{"@type":"ImageObject","inLanguage":"de","@id":"https:\/\/www.soleilgmbh.at\/shop\/#\/schema\/logo\/image\/","url":"https:\/\/www.soleilgmbh.at\/shop\/wp-content\/uploads\/sites\/5\/2023\/01\/EauSoleMio-Schwimmzeug-.-.png","contentUrl":"https:\/\/www.soleilgmbh.at\/shop\/wp-content\/uploads\/sites\/5\/2023\/01\/EauSoleMio-Schwimmzeug-.-.png","width":1448,"height":370,"caption":"Soleil GmbH Shop"},"image":{"@id":"https:\/\/www.soleilgmbh.at\/shop\/#\/schema\/logo\/image\/"}}]}},"_links":{"self":[{"href":"https:\/\/www.soleilgmbh.at\/shop\/wp-json\/wp\/v2\/product\/625"}],"collection":[{"href":"https:\/\/www.soleilgmbh.at\/shop\/wp-json\/wp\/v2\/product"}],"about":[{"href":"https:\/\/www.soleilgmbh.at\/shop\/wp-json\/wp\/v2\/types\/product"}],"wp:featuredmedia":[{"embeddable":true,"href":"https:\/\/www.soleilgmbh.at\/shop\/wp-json\/wp\/v2\/media\/634"}],"wp:attachment":[{"href":"https:\/\/www.soleilgmbh.at\/shop\/wp-json\/wp\/v2\/media?parent=625"}],"wp:term":[{"taxonomy":"product_cat","embeddable":true,"href":"https:\/\/www.soleilgmbh.at\/shop\/wp-json\/wp\/v2\/product_cat?post=625"},{"taxonomy":"product_tag","embeddable":true,"href":"https:\/\/www.soleilgmbh.at\/shop\/wp-json\/wp\/v2\/product_tag?post=625"}],"curies":[{"name":"wp","href":"https:\/\/api.w.org\/{rel}","templated":true}]}}