{"id":398,"date":"2024-04-27T12:28:51","date_gmt":"2024-04-27T10:28:51","guid":{"rendered":"https:\/\/www.soleilgmbh.at\/shop\/?post_type=product&#038;p=398"},"modified":"2024-04-27T12:30:41","modified_gmt":"2024-04-27T10:30:41","slug":"neugeborenenbad","status":"publish","type":"product","link":"https:\/\/www.soleilgmbh.at\/shop\/produkt\/neugeborenenbad\/","title":{"rendered":"Neugeborenenbad"},"content":{"rendered":"<p>Soll das Neugeborene in liebevolle Art und Weise in dieser Welt ganz sanft aus dem Wasser kommend willkommen gehei\u00dfen werden?<\/p>\n<p>Mit dem Thalasso Baby Bad\u00ae wird die Geburt ins Leben und der Bondingprozess ganz nach den W\u00fcnschen der Eltern und im nat\u00fcrlichen Tempo gut vorbereitet und bewusst erlebt. Es ergibt sich ein neuer Anfang, diesmal auf sanfte, ruhige Art und ohne Trennung, falls das bei der Geburt ein Thema war. Dieses Heilbad schenkt dem Baby Urvertrauen und Geborgenheit bei Mama und Papa und der Familie inkl. Geschwisterkindern eine sehr intensive Unterst\u00fctzung f\u00fcr den Start in ein wunderbares gemeinsames Leben.<\/p>\n<p>Das Thalassobabybad besteht aus einem Vorgespr\u00e4ch, dem Thalasso Baby Heilbad und der Nachbesprechung. Die Gesamt Dauer ist variabel. Zirka 1,5 Stunden sollten eingeplant werden. Nach dem Bad gibt es ein ganz entspanntes Nachruhen mit dem Neugeborenen in einer der Mutter bzw. der Eltern vertrauten Umgebung. Daher kommen wir f\u00fcr das Neugeborenen Bad zu dem von Euch gew\u00fcnschten Ort und nehmen das Bad mit. Das ideale Alter f\u00fcr das Bad sind die ersten Tage bis zu maximal 4 Wochen. F\u00fcr \u00e4ltere Kinder finden die WATSU\u00ae Neugeborenen Einheiten in unseren privaten sehr gut geheizten B\u00e4dern statt und sind auch dann das ideale Geschenk zum (wieder) Ankommen im warmen Wasser.<\/p>\n","protected":false},"excerpt":{"rendered":"<p>Es gibt keinen besseren Start ins Leben, wie das Thalasso Baby Bad\u00ae f\u00fcr Neugeborene. So gelingt ein sanftes Hineingleiten in ein wunderbares Leben. Gleich in der ersten Lebensphase hilft dieses emotional sehr ber\u00fchrende Erlebnis f\u00fcr das Neugeborene und seine Eltern, alles was anstrengend war abzustreifen. Seit mehr als 2 Jahrzehnten hat sich dieses Neugeborenenbad bew\u00e4hrt und unbeschreibliche Gl\u00fcckmomente erm\u00f6glicht. Dieses Bad eignet sich auch besonders gut als Geschenk f\u00fcr das Neugeborene und seine Eltern.<\/p>\n","protected":false},"featured_media":399,"template":"","meta":[],"product_cat":[94,95],"product_tag":[59,96,97],"class_list":{"0":"post-398","1":"product","2":"type-product","3":"status-publish","4":"has-post-thumbnail","6":"product_cat-geschenk","7":"product_cat-gutscheine","8":"product_tag-baby","9":"product_tag-geschenk","10":"product_tag-gutschein","12":"first","13":"instock","14":"virtual","15":"taxable","16":"purchasable","17":"product-type-simple"},"yoast_head":"<!-- This site is optimized with the Yoast SEO plugin v23.0 - https:\/\/yoast.com\/wordpress\/plugins\/seo\/ -->\n<title>Neugeborenenbad - Soleil GmbH Shop<\/title>\n<meta name=\"robots\" content=\"index, follow, max-snippet:-1, max-image-preview:large, max-video-preview:-1\" \/>\n<link rel=\"canonical\" href=\"https:\/\/www.soleilgmbh.at\/shop\/produkt\/neugeborenenbad\/\" \/>\n<meta property=\"og:locale\" content=\"de_DE\" \/>\n<meta property=\"og:type\" content=\"article\" \/>\n<meta property=\"og:title\" content=\"Neugeborenenbad - Soleil GmbH Shop\" \/>\n<meta property=\"og:description\" content=\"Es gibt keinen besseren Start ins Leben, wie das Thalasso Baby Bad\u00ae f\u00fcr Neugeborene. So gelingt ein sanftes Hineingleiten in ein wunderbares Leben. Gleich in der ersten Lebensphase hilft dieses emotional sehr ber\u00fchrende Erlebnis f\u00fcr das Neugeborene und seine Eltern, alles was anstrengend war abzustreifen. Seit mehr als 2 Jahrzehnten hat sich dieses Neugeborenenbad bew\u00e4hrt und unbeschreibliche Gl\u00fcckmomente erm\u00f6glicht. Dieses Bad eignet sich auch besonders gut als Geschenk f\u00fcr das Neugeborene und seine Eltern.\" \/>\n<meta property=\"og:url\" content=\"https:\/\/www.soleilgmbh.at\/shop\/produkt\/neugeborenenbad\/\" \/>\n<meta property=\"og:site_name\" content=\"Soleil GmbH Shop\" \/>\n<meta property=\"article:modified_time\" content=\"2024-04-27T10:30:41+00:00\" \/>\n<meta property=\"og:image\" content=\"https:\/\/www.soleilgmbh.at\/shop\/wp-content\/uploads\/sites\/5\/2024\/04\/Neugeborenenbad.jpg\" \/>\n\t<meta property=\"og:image:width\" content=\"612\" \/>\n\t<meta property=\"og:image:height\" content=\"612\" \/>\n\t<meta property=\"og:image:type\" content=\"image\/jpeg\" \/>\n<meta name=\"twitter:card\" content=\"summary_large_image\" \/>\n<meta name=\"twitter:label1\" content=\"Gesch\u00e4tzte Lesezeit\" \/>\n\t<meta name=\"twitter:data1\" content=\"2\u00a0Minuten\" \/>\n<script type=\"application\/ld+json\" class=\"yoast-schema-graph\">{\"@context\":\"https:\/\/schema.org\",\"@graph\":[{\"@type\":\"WebPage\",\"@id\":\"https:\/\/www.soleilgmbh.at\/shop\/produkt\/neugeborenenbad\/\",\"url\":\"https:\/\/www.soleilgmbh.at\/shop\/produkt\/neugeborenenbad\/\",\"name\":\"Neugeborenenbad - Soleil GmbH Shop\",\"isPartOf\":{\"@id\":\"https:\/\/www.soleilgmbh.at\/shop\/#website\"},\"primaryImageOfPage\":{\"@id\":\"https:\/\/www.soleilgmbh.at\/shop\/produkt\/neugeborenenbad\/#primaryimage\"},\"image\":{\"@id\":\"https:\/\/www.soleilgmbh.at\/shop\/produkt\/neugeborenenbad\/#primaryimage\"},\"thumbnailUrl\":\"https:\/\/www.soleilgmbh.at\/shop\/wp-content\/uploads\/sites\/5\/2024\/04\/Neugeborenenbad.jpg\",\"datePublished\":\"2024-04-27T10:28:51+00:00\",\"dateModified\":\"2024-04-27T10:30:41+00:00\",\"breadcrumb\":{\"@id\":\"https:\/\/www.soleilgmbh.at\/shop\/produkt\/neugeborenenbad\/#breadcrumb\"},\"inLanguage\":\"de\",\"potentialAction\":[{\"@type\":\"ReadAction\",\"target\":[\"https:\/\/www.soleilgmbh.at\/shop\/produkt\/neugeborenenbad\/\"]}]},{\"@type\":\"ImageObject\",\"inLanguage\":\"de\",\"@id\":\"https:\/\/www.soleilgmbh.at\/shop\/produkt\/neugeborenenbad\/#primaryimage\",\"url\":\"https:\/\/www.soleilgmbh.at\/shop\/wp-content\/uploads\/sites\/5\/2024\/04\/Neugeborenenbad.jpg\",\"contentUrl\":\"https:\/\/www.soleilgmbh.at\/shop\/wp-content\/uploads\/sites\/5\/2024\/04\/Neugeborenenbad.jpg\",\"width\":612,\"height\":612},{\"@type\":\"BreadcrumbList\",\"@id\":\"https:\/\/www.soleilgmbh.at\/shop\/produkt\/neugeborenenbad\/#breadcrumb\",\"itemListElement\":[{\"@type\":\"ListItem\",\"position\":1,\"name\":\"Startseite\",\"item\":\"https:\/\/www.soleilgmbh.at\/shop\/\"},{\"@type\":\"ListItem\",\"position\":2,\"name\":\"Shop\",\"item\":\"https:\/\/www.soleilgmbh.at\/shop\/shop\/\"},{\"@type\":\"ListItem\",\"position\":3,\"name\":\"Neugeborenenbad\"}]},{\"@type\":\"WebSite\",\"@id\":\"https:\/\/www.soleilgmbh.at\/shop\/#website\",\"url\":\"https:\/\/www.soleilgmbh.at\/shop\/\",\"name\":\"Soleil GmbH Shop\",\"description\":\"\",\"publisher\":{\"@id\":\"https:\/\/www.soleilgmbh.at\/shop\/#organization\"},\"potentialAction\":[{\"@type\":\"SearchAction\",\"target\":{\"@type\":\"EntryPoint\",\"urlTemplate\":\"https:\/\/www.soleilgmbh.at\/shop\/?s={search_term_string}\"},\"query-input\":\"required name=search_term_string\"}],\"inLanguage\":\"de\"},{\"@type\":\"Organization\",\"@id\":\"https:\/\/www.soleilgmbh.at\/shop\/#organization\",\"name\":\"Soleil GmbH Shop\",\"url\":\"https:\/\/www.soleilgmbh.at\/shop\/\",\"logo\":{\"@type\":\"ImageObject\",\"inLanguage\":\"de\",\"@id\":\"https:\/\/www.soleilgmbh.at\/shop\/#\/schema\/logo\/image\/\",\"url\":\"https:\/\/www.soleilgmbh.at\/shop\/wp-content\/uploads\/sites\/5\/2023\/01\/EauSoleMio-Schwimmzeug-.-.png\",\"contentUrl\":\"https:\/\/www.soleilgmbh.at\/shop\/wp-content\/uploads\/sites\/5\/2023\/01\/EauSoleMio-Schwimmzeug-.-.png\",\"width\":1448,\"height\":370,\"caption\":\"Soleil GmbH Shop\"},\"image\":{\"@id\":\"https:\/\/www.soleilgmbh.at\/shop\/#\/schema\/logo\/image\/\"}}]}<\/script>\n<!-- \/ Yoast SEO plugin. -->","yoast_head_json":{"title":"Neugeborenenbad - Soleil GmbH Shop","robots":{"index":"index","follow":"follow","max-snippet":"max-snippet:-1","max-image-preview":"max-image-preview:large","max-video-preview":"max-video-preview:-1"},"canonical":"https:\/\/www.soleilgmbh.at\/shop\/produkt\/neugeborenenbad\/","og_locale":"de_DE","og_type":"article","og_title":"Neugeborenenbad - Soleil GmbH Shop","og_description":"Es gibt keinen besseren Start ins Leben, wie das Thalasso Baby Bad\u00ae f\u00fcr Neugeborene. So gelingt ein sanftes Hineingleiten in ein wunderbares Leben. Gleich in der ersten Lebensphase hilft dieses emotional sehr ber\u00fchrende Erlebnis f\u00fcr das Neugeborene und seine Eltern, alles was anstrengend war abzustreifen. Seit mehr als 2 Jahrzehnten hat sich dieses Neugeborenenbad bew\u00e4hrt und unbeschreibliche Gl\u00fcckmomente erm\u00f6glicht. Dieses Bad eignet sich auch besonders gut als Geschenk f\u00fcr das Neugeborene und seine Eltern.","og_url":"https:\/\/www.soleilgmbh.at\/shop\/produkt\/neugeborenenbad\/","og_site_name":"Soleil GmbH Shop","article_modified_time":"2024-04-27T10:30:41+00:00","og_image":[{"width":612,"height":612,"url":"https:\/\/www.soleilgmbh.at\/shop\/wp-content\/uploads\/sites\/5\/2024\/04\/Neugeborenenbad.jpg","type":"image\/jpeg"}],"twitter_card":"summary_large_image","twitter_misc":{"Gesch\u00e4tzte Lesezeit":"2\u00a0Minuten"},"schema":{"@context":"https:\/\/schema.org","@graph":[{"@type":"WebPage","@id":"https:\/\/www.soleilgmbh.at\/shop\/produkt\/neugeborenenbad\/","url":"https:\/\/www.soleilgmbh.at\/shop\/produkt\/neugeborenenbad\/","name":"Neugeborenenbad - Soleil GmbH Shop","isPartOf":{"@id":"https:\/\/www.soleilgmbh.at\/shop\/#website"},"primaryImageOfPage":{"@id":"https:\/\/www.soleilgmbh.at\/shop\/produkt\/neugeborenenbad\/#primaryimage"},"image":{"@id":"https:\/\/www.soleilgmbh.at\/shop\/produkt\/neugeborenenbad\/#primaryimage"},"thumbnailUrl":"https:\/\/www.soleilgmbh.at\/shop\/wp-content\/uploads\/sites\/5\/2024\/04\/Neugeborenenbad.jpg","datePublished":"2024-04-27T10:28:51+00:00","dateModified":"2024-04-27T10:30:41+00:00","breadcrumb":{"@id":"https:\/\/www.soleilgmbh.at\/shop\/produkt\/neugeborenenbad\/#breadcrumb"},"inLanguage":"de","potentialAction":[{"@type":"ReadAction","target":["https:\/\/www.soleilgmbh.at\/shop\/produkt\/neugeborenenbad\/"]}]},{"@type":"ImageObject","inLanguage":"de","@id":"https:\/\/www.soleilgmbh.at\/shop\/produkt\/neugeborenenbad\/#primaryimage","url":"https:\/\/www.soleilgmbh.at\/shop\/wp-content\/uploads\/sites\/5\/2024\/04\/Neugeborenenbad.jpg","contentUrl":"https:\/\/www.soleilgmbh.at\/shop\/wp-content\/uploads\/sites\/5\/2024\/04\/Neugeborenenbad.jpg","width":612,"height":612},{"@type":"BreadcrumbList","@id":"https:\/\/www.soleilgmbh.at\/shop\/produkt\/neugeborenenbad\/#breadcrumb","itemListElement":[{"@type":"ListItem","position":1,"name":"Startseite","item":"https:\/\/www.soleilgmbh.at\/shop\/"},{"@type":"ListItem","position":2,"name":"Shop","item":"https:\/\/www.soleilgmbh.at\/shop\/shop\/"},{"@type":"ListItem","position":3,"name":"Neugeborenenbad"}]},{"@type":"WebSite","@id":"https:\/\/www.soleilgmbh.at\/shop\/#website","url":"https:\/\/www.soleilgmbh.at\/shop\/","name":"Soleil GmbH Shop","description":"","publisher":{"@id":"https:\/\/www.soleilgmbh.at\/shop\/#organization"},"potentialAction":[{"@type":"SearchAction","target":{"@type":"EntryPoint","urlTemplate":"https:\/\/www.soleilgmbh.at\/shop\/?s={search_term_string}"},"query-input":"required name=search_term_string"}],"inLanguage":"de"},{"@type":"Organization","@id":"https:\/\/www.soleilgmbh.at\/shop\/#organization","name":"Soleil GmbH Shop","url":"https:\/\/www.soleilgmbh.at\/shop\/","logo":{"@type":"ImageObject","inLanguage":"de","@id":"https:\/\/www.soleilgmbh.at\/shop\/#\/schema\/logo\/image\/","url":"https:\/\/www.soleilgmbh.at\/shop\/wp-content\/uploads\/sites\/5\/2023\/01\/EauSoleMio-Schwimmzeug-.-.png","contentUrl":"https:\/\/www.soleilgmbh.at\/shop\/wp-content\/uploads\/sites\/5\/2023\/01\/EauSoleMio-Schwimmzeug-.-.png","width":1448,"height":370,"caption":"Soleil GmbH Shop"},"image":{"@id":"https:\/\/www.soleilgmbh.at\/shop\/#\/schema\/logo\/image\/"}}]}},"_links":{"self":[{"href":"https:\/\/www.soleilgmbh.at\/shop\/wp-json\/wp\/v2\/product\/398"}],"collection":[{"href":"https:\/\/www.soleilgmbh.at\/shop\/wp-json\/wp\/v2\/product"}],"about":[{"href":"https:\/\/www.soleilgmbh.at\/shop\/wp-json\/wp\/v2\/types\/product"}],"wp:featuredmedia":[{"embeddable":true,"href":"https:\/\/www.soleilgmbh.at\/shop\/wp-json\/wp\/v2\/media\/399"}],"wp:attachment":[{"href":"https:\/\/www.soleilgmbh.at\/shop\/wp-json\/wp\/v2\/media?parent=398"}],"wp:term":[{"taxonomy":"product_cat","embeddable":true,"href":"https:\/\/www.soleilgmbh.at\/shop\/wp-json\/wp\/v2\/product_cat?post=398"},{"taxonomy":"product_tag","embeddable":true,"href":"https:\/\/www.soleilgmbh.at\/shop\/wp-json\/wp\/v2\/product_tag?post=398"}],"curies":[{"name":"wp","href":"https:\/\/api.w.org\/{rel}","templated":true}]}}