{"id":183,"date":"2024-04-18T22:06:14","date_gmt":"2024-04-18T20:06:14","guid":{"rendered":"https:\/\/www.soleilgmbh.at\/shop\/?post_type=product&#038;p=183"},"modified":"2024-04-18T22:17:36","modified_gmt":"2024-04-18T20:17:36","slug":"smile-and-be-safe-schutzmaske","status":"publish","type":"product","link":"https:\/\/www.soleilgmbh.at\/shop\/produkt\/smile-and-be-safe-schutzmaske\/","title":{"rendered":"SMILE and be Safe Schutzmaske"},"content":{"rendered":"<p>SMILE Schutzmaske<\/p>\n<ul>\n<li>Kann im Schwimmbad verwendet werden<\/li>\n<li>Mit der Maske kann geschwommen und getaucht werden<\/li>\n<li>Langlebig da hochqualitativ in Vorarlberg hergestellt<\/li>\n<\/ul>\n","protected":false},"excerpt":{"rendered":"<p>Erh\u00e4ltlich in einer Gr\u00f6\u00dfe.<\/p>\n","protected":false},"featured_media":205,"template":"","meta":[],"product_cat":[77],"product_tag":[90,91,92,93],"class_list":{"0":"post-183","1":"product","2":"type-product","3":"status-publish","4":"has-post-thumbnail","6":"product_cat-erwachsene","7":"product_tag-schutzmaske","8":"product_tag-schwimmen-mit-maske","9":"product_tag-tauchen-mit-maske","10":"product_tag-wassergeeignet","12":"first","13":"instock","14":"purchasable","15":"product-type-simple"},"yoast_head":"<!-- This site is optimized with the Yoast SEO plugin v23.0 - https:\/\/yoast.com\/wordpress\/plugins\/seo\/ -->\n<title>SMILE and be Safe Schutzmaske - Soleil GmbH Shop ~<\/title>\n<meta name=\"description\" content=\"Entdecken Sie jetzt \u25b8 SMILE and be Safe Schutzmaske im Onlineshop von Soleil GmbH Shop ~ !\" \/>\n<meta name=\"robots\" content=\"index, follow, max-snippet:-1, max-image-preview:large, max-video-preview:-1\" \/>\n<link rel=\"canonical\" href=\"https:\/\/www.soleilgmbh.at\/shop\/produkt\/smile-and-be-safe-schutzmaske\/\" \/>\n<meta property=\"og:locale\" content=\"de_DE\" \/>\n<meta property=\"og:type\" content=\"article\" \/>\n<meta property=\"og:title\" content=\"SMILE and be Safe Schutzmaske - Soleil GmbH Shop ~\" \/>\n<meta property=\"og:description\" content=\"Entdecken Sie jetzt \u25b8 SMILE and be Safe Schutzmaske im Onlineshop von Soleil GmbH Shop ~ !\" \/>\n<meta property=\"og:url\" content=\"https:\/\/www.soleilgmbh.at\/shop\/produkt\/smile-and-be-safe-schutzmaske\/\" \/>\n<meta property=\"og:site_name\" content=\"Soleil GmbH Shop\" \/>\n<meta property=\"article:modified_time\" content=\"2024-04-18T20:17:36+00:00\" \/>\n<meta property=\"og:image\" content=\"https:\/\/www.soleilgmbh.at\/shop\/wp-content\/uploads\/sites\/5\/2024\/04\/smile-and-be-safe-schutzmaske1-1.jpg\" \/>\n\t<meta property=\"og:image:width\" content=\"500\" \/>\n\t<meta property=\"og:image:height\" content=\"500\" \/>\n\t<meta property=\"og:image:type\" content=\"image\/jpeg\" \/>\n<meta name=\"twitter:card\" content=\"summary_large_image\" \/>\n<meta name=\"twitter:label1\" content=\"Gesch\u00e4tzte Lesezeit\" \/>\n\t<meta name=\"twitter:data1\" content=\"1\u00a0Minute\" \/>\n<script type=\"application\/ld+json\" class=\"yoast-schema-graph\">{\"@context\":\"https:\/\/schema.org\",\"@graph\":[{\"@type\":\"WebPage\",\"@id\":\"https:\/\/www.soleilgmbh.at\/shop\/produkt\/smile-and-be-safe-schutzmaske\/\",\"url\":\"https:\/\/www.soleilgmbh.at\/shop\/produkt\/smile-and-be-safe-schutzmaske\/\",\"name\":\"SMILE and be Safe Schutzmaske - Soleil GmbH Shop ~\",\"isPartOf\":{\"@id\":\"https:\/\/www.soleilgmbh.at\/shop\/#website\"},\"primaryImageOfPage\":{\"@id\":\"https:\/\/www.soleilgmbh.at\/shop\/produkt\/smile-and-be-safe-schutzmaske\/#primaryimage\"},\"image\":{\"@id\":\"https:\/\/www.soleilgmbh.at\/shop\/produkt\/smile-and-be-safe-schutzmaske\/#primaryimage\"},\"thumbnailUrl\":\"https:\/\/www.soleilgmbh.at\/shop\/wp-content\/uploads\/sites\/5\/2024\/04\/smile-and-be-safe-schutzmaske1-1.jpg\",\"datePublished\":\"2024-04-18T20:06:14+00:00\",\"dateModified\":\"2024-04-18T20:17:36+00:00\",\"description\":\"Entdecken Sie jetzt \u25b8 SMILE and be Safe Schutzmaske im Onlineshop von Soleil GmbH Shop ~ !\",\"breadcrumb\":{\"@id\":\"https:\/\/www.soleilgmbh.at\/shop\/produkt\/smile-and-be-safe-schutzmaske\/#breadcrumb\"},\"inLanguage\":\"de\",\"potentialAction\":[{\"@type\":\"ReadAction\",\"target\":[\"https:\/\/www.soleilgmbh.at\/shop\/produkt\/smile-and-be-safe-schutzmaske\/\"]}]},{\"@type\":\"ImageObject\",\"inLanguage\":\"de\",\"@id\":\"https:\/\/www.soleilgmbh.at\/shop\/produkt\/smile-and-be-safe-schutzmaske\/#primaryimage\",\"url\":\"https:\/\/www.soleilgmbh.at\/shop\/wp-content\/uploads\/sites\/5\/2024\/04\/smile-and-be-safe-schutzmaske1-1.jpg\",\"contentUrl\":\"https:\/\/www.soleilgmbh.at\/shop\/wp-content\/uploads\/sites\/5\/2024\/04\/smile-and-be-safe-schutzmaske1-1.jpg\",\"width\":500,\"height\":500},{\"@type\":\"BreadcrumbList\",\"@id\":\"https:\/\/www.soleilgmbh.at\/shop\/produkt\/smile-and-be-safe-schutzmaske\/#breadcrumb\",\"itemListElement\":[{\"@type\":\"ListItem\",\"position\":1,\"name\":\"Startseite\",\"item\":\"https:\/\/www.soleilgmbh.at\/shop\/\"},{\"@type\":\"ListItem\",\"position\":2,\"name\":\"Shop\",\"item\":\"https:\/\/www.soleilgmbh.at\/shop\/shop\/\"},{\"@type\":\"ListItem\",\"position\":3,\"name\":\"SMILE and be Safe Schutzmaske\"}]},{\"@type\":\"WebSite\",\"@id\":\"https:\/\/www.soleilgmbh.at\/shop\/#website\",\"url\":\"https:\/\/www.soleilgmbh.at\/shop\/\",\"name\":\"Soleil GmbH Shop\",\"description\":\"\",\"publisher\":{\"@id\":\"https:\/\/www.soleilgmbh.at\/shop\/#organization\"},\"potentialAction\":[{\"@type\":\"SearchAction\",\"target\":{\"@type\":\"EntryPoint\",\"urlTemplate\":\"https:\/\/www.soleilgmbh.at\/shop\/?s={search_term_string}\"},\"query-input\":\"required name=search_term_string\"}],\"inLanguage\":\"de\"},{\"@type\":\"Organization\",\"@id\":\"https:\/\/www.soleilgmbh.at\/shop\/#organization\",\"name\":\"Soleil GmbH Shop\",\"url\":\"https:\/\/www.soleilgmbh.at\/shop\/\",\"logo\":{\"@type\":\"ImageObject\",\"inLanguage\":\"de\",\"@id\":\"https:\/\/www.soleilgmbh.at\/shop\/#\/schema\/logo\/image\/\",\"url\":\"https:\/\/www.soleilgmbh.at\/shop\/wp-content\/uploads\/sites\/5\/2023\/01\/EauSoleMio-Schwimmzeug-.-.png\",\"contentUrl\":\"https:\/\/www.soleilgmbh.at\/shop\/wp-content\/uploads\/sites\/5\/2023\/01\/EauSoleMio-Schwimmzeug-.-.png\",\"width\":1448,\"height\":370,\"caption\":\"Soleil GmbH Shop\"},\"image\":{\"@id\":\"https:\/\/www.soleilgmbh.at\/shop\/#\/schema\/logo\/image\/\"}}]}<\/script>\n<!-- \/ Yoast SEO plugin. -->","yoast_head_json":{"title":"SMILE and be Safe Schutzmaske - Soleil GmbH Shop ~","description":"Entdecken Sie jetzt \u25b8 SMILE and be Safe Schutzmaske im Onlineshop von Soleil GmbH Shop ~ !","robots":{"index":"index","follow":"follow","max-snippet":"max-snippet:-1","max-image-preview":"max-image-preview:large","max-video-preview":"max-video-preview:-1"},"canonical":"https:\/\/www.soleilgmbh.at\/shop\/produkt\/smile-and-be-safe-schutzmaske\/","og_locale":"de_DE","og_type":"article","og_title":"SMILE and be Safe Schutzmaske - Soleil GmbH Shop ~","og_description":"Entdecken Sie jetzt \u25b8 SMILE and be Safe Schutzmaske im Onlineshop von Soleil GmbH Shop ~ !","og_url":"https:\/\/www.soleilgmbh.at\/shop\/produkt\/smile-and-be-safe-schutzmaske\/","og_site_name":"Soleil GmbH Shop","article_modified_time":"2024-04-18T20:17:36+00:00","og_image":[{"width":500,"height":500,"url":"https:\/\/www.soleilgmbh.at\/shop\/wp-content\/uploads\/sites\/5\/2024\/04\/smile-and-be-safe-schutzmaske1-1.jpg","type":"image\/jpeg"}],"twitter_card":"summary_large_image","twitter_misc":{"Gesch\u00e4tzte Lesezeit":"1\u00a0Minute"},"schema":{"@context":"https:\/\/schema.org","@graph":[{"@type":"WebPage","@id":"https:\/\/www.soleilgmbh.at\/shop\/produkt\/smile-and-be-safe-schutzmaske\/","url":"https:\/\/www.soleilgmbh.at\/shop\/produkt\/smile-and-be-safe-schutzmaske\/","name":"SMILE and be Safe Schutzmaske - Soleil GmbH Shop ~","isPartOf":{"@id":"https:\/\/www.soleilgmbh.at\/shop\/#website"},"primaryImageOfPage":{"@id":"https:\/\/www.soleilgmbh.at\/shop\/produkt\/smile-and-be-safe-schutzmaske\/#primaryimage"},"image":{"@id":"https:\/\/www.soleilgmbh.at\/shop\/produkt\/smile-and-be-safe-schutzmaske\/#primaryimage"},"thumbnailUrl":"https:\/\/www.soleilgmbh.at\/shop\/wp-content\/uploads\/sites\/5\/2024\/04\/smile-and-be-safe-schutzmaske1-1.jpg","datePublished":"2024-04-18T20:06:14+00:00","dateModified":"2024-04-18T20:17:36+00:00","description":"Entdecken Sie jetzt \u25b8 SMILE and be Safe Schutzmaske im Onlineshop von Soleil GmbH Shop ~ !","breadcrumb":{"@id":"https:\/\/www.soleilgmbh.at\/shop\/produkt\/smile-and-be-safe-schutzmaske\/#breadcrumb"},"inLanguage":"de","potentialAction":[{"@type":"ReadAction","target":["https:\/\/www.soleilgmbh.at\/shop\/produkt\/smile-and-be-safe-schutzmaske\/"]}]},{"@type":"ImageObject","inLanguage":"de","@id":"https:\/\/www.soleilgmbh.at\/shop\/produkt\/smile-and-be-safe-schutzmaske\/#primaryimage","url":"https:\/\/www.soleilgmbh.at\/shop\/wp-content\/uploads\/sites\/5\/2024\/04\/smile-and-be-safe-schutzmaske1-1.jpg","contentUrl":"https:\/\/www.soleilgmbh.at\/shop\/wp-content\/uploads\/sites\/5\/2024\/04\/smile-and-be-safe-schutzmaske1-1.jpg","width":500,"height":500},{"@type":"BreadcrumbList","@id":"https:\/\/www.soleilgmbh.at\/shop\/produkt\/smile-and-be-safe-schutzmaske\/#breadcrumb","itemListElement":[{"@type":"ListItem","position":1,"name":"Startseite","item":"https:\/\/www.soleilgmbh.at\/shop\/"},{"@type":"ListItem","position":2,"name":"Shop","item":"https:\/\/www.soleilgmbh.at\/shop\/shop\/"},{"@type":"ListItem","position":3,"name":"SMILE and be Safe Schutzmaske"}]},{"@type":"WebSite","@id":"https:\/\/www.soleilgmbh.at\/shop\/#website","url":"https:\/\/www.soleilgmbh.at\/shop\/","name":"Soleil GmbH Shop","description":"","publisher":{"@id":"https:\/\/www.soleilgmbh.at\/shop\/#organization"},"potentialAction":[{"@type":"SearchAction","target":{"@type":"EntryPoint","urlTemplate":"https:\/\/www.soleilgmbh.at\/shop\/?s={search_term_string}"},"query-input":"required name=search_term_string"}],"inLanguage":"de"},{"@type":"Organization","@id":"https:\/\/www.soleilgmbh.at\/shop\/#organization","name":"Soleil GmbH Shop","url":"https:\/\/www.soleilgmbh.at\/shop\/","logo":{"@type":"ImageObject","inLanguage":"de","@id":"https:\/\/www.soleilgmbh.at\/shop\/#\/schema\/logo\/image\/","url":"https:\/\/www.soleilgmbh.at\/shop\/wp-content\/uploads\/sites\/5\/2023\/01\/EauSoleMio-Schwimmzeug-.-.png","contentUrl":"https:\/\/www.soleilgmbh.at\/shop\/wp-content\/uploads\/sites\/5\/2023\/01\/EauSoleMio-Schwimmzeug-.-.png","width":1448,"height":370,"caption":"Soleil GmbH Shop"},"image":{"@id":"https:\/\/www.soleilgmbh.at\/shop\/#\/schema\/logo\/image\/"}}]}},"_links":{"self":[{"href":"https:\/\/www.soleilgmbh.at\/shop\/wp-json\/wp\/v2\/product\/183"}],"collection":[{"href":"https:\/\/www.soleilgmbh.at\/shop\/wp-json\/wp\/v2\/product"}],"about":[{"href":"https:\/\/www.soleilgmbh.at\/shop\/wp-json\/wp\/v2\/types\/product"}],"wp:featuredmedia":[{"embeddable":true,"href":"https:\/\/www.soleilgmbh.at\/shop\/wp-json\/wp\/v2\/media\/205"}],"wp:attachment":[{"href":"https:\/\/www.soleilgmbh.at\/shop\/wp-json\/wp\/v2\/media?parent=183"}],"wp:term":[{"taxonomy":"product_cat","embeddable":true,"href":"https:\/\/www.soleilgmbh.at\/shop\/wp-json\/wp\/v2\/product_cat?post=183"},{"taxonomy":"product_tag","embeddable":true,"href":"https:\/\/www.soleilgmbh.at\/shop\/wp-json\/wp\/v2\/product_tag?post=183"}],"curies":[{"name":"wp","href":"https:\/\/api.w.org\/{rel}","templated":true}]}}