{"id":179,"date":"2024-04-18T22:06:13","date_gmt":"2024-04-18T20:06:13","guid":{"rendered":"https:\/\/www.soleilgmbh.at\/shop\/?post_type=product&#038;p=179"},"modified":"2026-03-17T20:38:14","modified_gmt":"2026-03-17T19:38:14","slug":"popolini-badewindeln","status":"publish","type":"product","link":"https:\/\/www.soleilgmbh.at\/shop\/produkt\/popolini-badewindeln\/","title":{"rendered":"Popolini\u00ae Badebekleidung"},"content":{"rendered":"<p>Die Qualit\u00e4ts\u00a0 Badewindeln von Popolini \u00ae sind nat\u00fcrlich mitwachsend:<\/p>\n<ul>\n<li>Im Innenbereich der Badehose gibt es ein extra Windel Netz<\/li>\n<li>Die Badewindel ist gr\u00f6\u00dfenverstellbar mit Druckkn\u00f6pfen und w\u00e4chst so mit deinem Kind mit<\/li>\n<li>H\u00fcbsche abwechslungsreiche Motive zur Wahl<\/li>\n<li>Diese nachhaltige und \u00f6kologische L\u00f6sung begleitet Euch noch lange beim Badespa\u00df<\/li>\n<li>Material 90% Polyamid 10% Elasthan<\/li>\n<li>Ideal fur\u2019s Babyschwimmen, da dieses Modell der waschbaren Badewindel kaum Auftrieb hat\u200b<\/li>\n<\/ul>\n","protected":false},"excerpt":{"rendered":"<p>Die Qualit\u00e4ts\u00a0 Badewindeln von Popolini \u00ae sind nat\u00fcrlich mitwachsend: Im Innenbereich der Badehose gibt es ein extra Windel Netz Die Badewindel ist gr\u00f6\u00dfenverstellbar mit Druckkn\u00f6pfen und w\u00e4chst so mit deinem Kind mit H\u00fcbsche abwechslungsreiche Motive zur Wahl Diese nachhaltige und \u00f6kologische L\u00f6sung begleitet Euch noch lange beim Badespa\u00df Material 90% Polyamid 10% Elasthan Ideal fur\u2019s [&hellip;]<\/p>\n","protected":false},"featured_media":566,"template":"","meta":[],"product_cat":[57,81],"product_tag":[66,78,67,69,79,80],"class_list":{"0":"post-179","1":"product","2":"type-product","3":"status-publish","4":"has-post-thumbnail","6":"product_cat-babys","7":"product_cat-badewindel","8":"product_tag-kinder","9":"product_tag-schwimmbrille","10":"product_tag-schwimmenlernen","11":"product_tag-schwimmhilfe","12":"product_tag-tauchen","13":"product_tag-taucherbrille","15":"first","16":"instock","17":"sale","18":"taxable","19":"shipping-taxable","20":"purchasable","21":"product-type-variable"},"yoast_head":"<!-- This site is optimized with the Yoast SEO plugin v23.0 - https:\/\/yoast.com\/wordpress\/plugins\/seo\/ -->\n<title>Popolini\u00ae Badebekleidung - Soleil GmbH Shop ~<\/title>\n<meta name=\"description\" content=\"Entdecken Sie jetzt \u25b8 Popolini\u00ae Badebekleidung im Onlineshop von Soleil GmbH Shop ~ !\" \/>\n<meta name=\"robots\" content=\"index, follow, max-snippet:-1, max-image-preview:large, max-video-preview:-1\" \/>\n<link rel=\"canonical\" href=\"https:\/\/www.soleilgmbh.at\/shop\/produkt\/popolini-badewindeln\/\" \/>\n<meta property=\"og:locale\" content=\"de_DE\" \/>\n<meta property=\"og:type\" content=\"article\" \/>\n<meta property=\"og:title\" content=\"Popolini\u00ae Badebekleidung - Soleil GmbH Shop ~\" \/>\n<meta property=\"og:description\" content=\"Entdecken Sie jetzt \u25b8 Popolini\u00ae Badebekleidung im Onlineshop von Soleil GmbH Shop ~ !\" \/>\n<meta property=\"og:url\" content=\"https:\/\/www.soleilgmbh.at\/shop\/produkt\/popolini-badewindeln\/\" \/>\n<meta property=\"og:site_name\" content=\"Soleil GmbH Shop\" \/>\n<meta property=\"article:modified_time\" content=\"2026-03-17T19:38:14+00:00\" \/>\n<meta property=\"og:image\" content=\"https:\/\/www.soleilgmbh.at\/shop\/wp-content\/uploads\/sites\/5\/2024\/04\/Badewindel_ALLE-1000x1000_1000-x-1000.jpg\" \/>\n\t<meta property=\"og:image:width\" content=\"1000\" \/>\n\t<meta property=\"og:image:height\" content=\"1000\" \/>\n\t<meta property=\"og:image:type\" content=\"image\/jpeg\" \/>\n<meta name=\"twitter:card\" content=\"summary_large_image\" \/>\n<meta name=\"twitter:label1\" content=\"Gesch\u00e4tzte Lesezeit\" \/>\n\t<meta name=\"twitter:data1\" content=\"1\u00a0Minute\" \/>\n<script type=\"application\/ld+json\" class=\"yoast-schema-graph\">{\"@context\":\"https:\/\/schema.org\",\"@graph\":[{\"@type\":\"WebPage\",\"@id\":\"https:\/\/www.soleilgmbh.at\/shop\/produkt\/popolini-badewindeln\/\",\"url\":\"https:\/\/www.soleilgmbh.at\/shop\/produkt\/popolini-badewindeln\/\",\"name\":\"Popolini\u00ae Badebekleidung - Soleil GmbH Shop ~\",\"isPartOf\":{\"@id\":\"https:\/\/www.soleilgmbh.at\/shop\/#website\"},\"primaryImageOfPage\":{\"@id\":\"https:\/\/www.soleilgmbh.at\/shop\/produkt\/popolini-badewindeln\/#primaryimage\"},\"image\":{\"@id\":\"https:\/\/www.soleilgmbh.at\/shop\/produkt\/popolini-badewindeln\/#primaryimage\"},\"thumbnailUrl\":\"https:\/\/www.soleilgmbh.at\/shop\/wp-content\/uploads\/sites\/5\/2024\/04\/Badewindel_ALLE-1000x1000_1000-x-1000.jpg\",\"datePublished\":\"2024-04-18T20:06:13+00:00\",\"dateModified\":\"2026-03-17T19:38:14+00:00\",\"description\":\"Entdecken Sie jetzt \u25b8 Popolini\u00ae Badebekleidung im Onlineshop von Soleil GmbH Shop ~ !\",\"breadcrumb\":{\"@id\":\"https:\/\/www.soleilgmbh.at\/shop\/produkt\/popolini-badewindeln\/#breadcrumb\"},\"inLanguage\":\"de\",\"potentialAction\":[{\"@type\":\"ReadAction\",\"target\":[\"https:\/\/www.soleilgmbh.at\/shop\/produkt\/popolini-badewindeln\/\"]}]},{\"@type\":\"ImageObject\",\"inLanguage\":\"de\",\"@id\":\"https:\/\/www.soleilgmbh.at\/shop\/produkt\/popolini-badewindeln\/#primaryimage\",\"url\":\"https:\/\/www.soleilgmbh.at\/shop\/wp-content\/uploads\/sites\/5\/2024\/04\/Badewindel_ALLE-1000x1000_1000-x-1000.jpg\",\"contentUrl\":\"https:\/\/www.soleilgmbh.at\/shop\/wp-content\/uploads\/sites\/5\/2024\/04\/Badewindel_ALLE-1000x1000_1000-x-1000.jpg\",\"width\":1000,\"height\":1000},{\"@type\":\"BreadcrumbList\",\"@id\":\"https:\/\/www.soleilgmbh.at\/shop\/produkt\/popolini-badewindeln\/#breadcrumb\",\"itemListElement\":[{\"@type\":\"ListItem\",\"position\":1,\"name\":\"Startseite\",\"item\":\"https:\/\/www.soleilgmbh.at\/shop\/\"},{\"@type\":\"ListItem\",\"position\":2,\"name\":\"Shop\",\"item\":\"https:\/\/www.soleilgmbh.at\/shop\/shop\/\"},{\"@type\":\"ListItem\",\"position\":3,\"name\":\"Popolini\u00ae Badebekleidung\"}]},{\"@type\":\"WebSite\",\"@id\":\"https:\/\/www.soleilgmbh.at\/shop\/#website\",\"url\":\"https:\/\/www.soleilgmbh.at\/shop\/\",\"name\":\"Soleil GmbH Shop\",\"description\":\"\",\"publisher\":{\"@id\":\"https:\/\/www.soleilgmbh.at\/shop\/#organization\"},\"potentialAction\":[{\"@type\":\"SearchAction\",\"target\":{\"@type\":\"EntryPoint\",\"urlTemplate\":\"https:\/\/www.soleilgmbh.at\/shop\/?s={search_term_string}\"},\"query-input\":\"required name=search_term_string\"}],\"inLanguage\":\"de\"},{\"@type\":\"Organization\",\"@id\":\"https:\/\/www.soleilgmbh.at\/shop\/#organization\",\"name\":\"Soleil GmbH Shop\",\"url\":\"https:\/\/www.soleilgmbh.at\/shop\/\",\"logo\":{\"@type\":\"ImageObject\",\"inLanguage\":\"de\",\"@id\":\"https:\/\/www.soleilgmbh.at\/shop\/#\/schema\/logo\/image\/\",\"url\":\"https:\/\/www.soleilgmbh.at\/shop\/wp-content\/uploads\/sites\/5\/2023\/01\/EauSoleMio-Schwimmzeug-.-.png\",\"contentUrl\":\"https:\/\/www.soleilgmbh.at\/shop\/wp-content\/uploads\/sites\/5\/2023\/01\/EauSoleMio-Schwimmzeug-.-.png\",\"width\":1448,\"height\":370,\"caption\":\"Soleil GmbH Shop\"},\"image\":{\"@id\":\"https:\/\/www.soleilgmbh.at\/shop\/#\/schema\/logo\/image\/\"}}]}<\/script>\n<!-- \/ Yoast SEO plugin. -->","yoast_head_json":{"title":"Popolini\u00ae Badebekleidung - Soleil GmbH Shop ~","description":"Entdecken Sie jetzt \u25b8 Popolini\u00ae Badebekleidung im Onlineshop von Soleil GmbH Shop ~ !","robots":{"index":"index","follow":"follow","max-snippet":"max-snippet:-1","max-image-preview":"max-image-preview:large","max-video-preview":"max-video-preview:-1"},"canonical":"https:\/\/www.soleilgmbh.at\/shop\/produkt\/popolini-badewindeln\/","og_locale":"de_DE","og_type":"article","og_title":"Popolini\u00ae Badebekleidung - Soleil GmbH Shop ~","og_description":"Entdecken Sie jetzt \u25b8 Popolini\u00ae Badebekleidung im Onlineshop von Soleil GmbH Shop ~ !","og_url":"https:\/\/www.soleilgmbh.at\/shop\/produkt\/popolini-badewindeln\/","og_site_name":"Soleil GmbH Shop","article_modified_time":"2026-03-17T19:38:14+00:00","og_image":[{"width":1000,"height":1000,"url":"https:\/\/www.soleilgmbh.at\/shop\/wp-content\/uploads\/sites\/5\/2024\/04\/Badewindel_ALLE-1000x1000_1000-x-1000.jpg","type":"image\/jpeg"}],"twitter_card":"summary_large_image","twitter_misc":{"Gesch\u00e4tzte Lesezeit":"1\u00a0Minute"},"schema":{"@context":"https:\/\/schema.org","@graph":[{"@type":"WebPage","@id":"https:\/\/www.soleilgmbh.at\/shop\/produkt\/popolini-badewindeln\/","url":"https:\/\/www.soleilgmbh.at\/shop\/produkt\/popolini-badewindeln\/","name":"Popolini\u00ae Badebekleidung - Soleil GmbH Shop ~","isPartOf":{"@id":"https:\/\/www.soleilgmbh.at\/shop\/#website"},"primaryImageOfPage":{"@id":"https:\/\/www.soleilgmbh.at\/shop\/produkt\/popolini-badewindeln\/#primaryimage"},"image":{"@id":"https:\/\/www.soleilgmbh.at\/shop\/produkt\/popolini-badewindeln\/#primaryimage"},"thumbnailUrl":"https:\/\/www.soleilgmbh.at\/shop\/wp-content\/uploads\/sites\/5\/2024\/04\/Badewindel_ALLE-1000x1000_1000-x-1000.jpg","datePublished":"2024-04-18T20:06:13+00:00","dateModified":"2026-03-17T19:38:14+00:00","description":"Entdecken Sie jetzt \u25b8 Popolini\u00ae Badebekleidung im Onlineshop von Soleil GmbH Shop ~ !","breadcrumb":{"@id":"https:\/\/www.soleilgmbh.at\/shop\/produkt\/popolini-badewindeln\/#breadcrumb"},"inLanguage":"de","potentialAction":[{"@type":"ReadAction","target":["https:\/\/www.soleilgmbh.at\/shop\/produkt\/popolini-badewindeln\/"]}]},{"@type":"ImageObject","inLanguage":"de","@id":"https:\/\/www.soleilgmbh.at\/shop\/produkt\/popolini-badewindeln\/#primaryimage","url":"https:\/\/www.soleilgmbh.at\/shop\/wp-content\/uploads\/sites\/5\/2024\/04\/Badewindel_ALLE-1000x1000_1000-x-1000.jpg","contentUrl":"https:\/\/www.soleilgmbh.at\/shop\/wp-content\/uploads\/sites\/5\/2024\/04\/Badewindel_ALLE-1000x1000_1000-x-1000.jpg","width":1000,"height":1000},{"@type":"BreadcrumbList","@id":"https:\/\/www.soleilgmbh.at\/shop\/produkt\/popolini-badewindeln\/#breadcrumb","itemListElement":[{"@type":"ListItem","position":1,"name":"Startseite","item":"https:\/\/www.soleilgmbh.at\/shop\/"},{"@type":"ListItem","position":2,"name":"Shop","item":"https:\/\/www.soleilgmbh.at\/shop\/shop\/"},{"@type":"ListItem","position":3,"name":"Popolini\u00ae Badebekleidung"}]},{"@type":"WebSite","@id":"https:\/\/www.soleilgmbh.at\/shop\/#website","url":"https:\/\/www.soleilgmbh.at\/shop\/","name":"Soleil GmbH Shop","description":"","publisher":{"@id":"https:\/\/www.soleilgmbh.at\/shop\/#organization"},"potentialAction":[{"@type":"SearchAction","target":{"@type":"EntryPoint","urlTemplate":"https:\/\/www.soleilgmbh.at\/shop\/?s={search_term_string}"},"query-input":"required name=search_term_string"}],"inLanguage":"de"},{"@type":"Organization","@id":"https:\/\/www.soleilgmbh.at\/shop\/#organization","name":"Soleil GmbH Shop","url":"https:\/\/www.soleilgmbh.at\/shop\/","logo":{"@type":"ImageObject","inLanguage":"de","@id":"https:\/\/www.soleilgmbh.at\/shop\/#\/schema\/logo\/image\/","url":"https:\/\/www.soleilgmbh.at\/shop\/wp-content\/uploads\/sites\/5\/2023\/01\/EauSoleMio-Schwimmzeug-.-.png","contentUrl":"https:\/\/www.soleilgmbh.at\/shop\/wp-content\/uploads\/sites\/5\/2023\/01\/EauSoleMio-Schwimmzeug-.-.png","width":1448,"height":370,"caption":"Soleil GmbH Shop"},"image":{"@id":"https:\/\/www.soleilgmbh.at\/shop\/#\/schema\/logo\/image\/"}}]}},"_links":{"self":[{"href":"https:\/\/www.soleilgmbh.at\/shop\/wp-json\/wp\/v2\/product\/179"}],"collection":[{"href":"https:\/\/www.soleilgmbh.at\/shop\/wp-json\/wp\/v2\/product"}],"about":[{"href":"https:\/\/www.soleilgmbh.at\/shop\/wp-json\/wp\/v2\/types\/product"}],"wp:featuredmedia":[{"embeddable":true,"href":"https:\/\/www.soleilgmbh.at\/shop\/wp-json\/wp\/v2\/media\/566"}],"wp:attachment":[{"href":"https:\/\/www.soleilgmbh.at\/shop\/wp-json\/wp\/v2\/media?parent=179"}],"wp:term":[{"taxonomy":"product_cat","embeddable":true,"href":"https:\/\/www.soleilgmbh.at\/shop\/wp-json\/wp\/v2\/product_cat?post=179"},{"taxonomy":"product_tag","embeddable":true,"href":"https:\/\/www.soleilgmbh.at\/shop\/wp-json\/wp\/v2\/product_tag?post=179"}],"curies":[{"name":"wp","href":"https:\/\/api.w.org\/{rel}","templated":true}]}}