{"id":93,"date":"2023-01-31T00:21:30","date_gmt":"2023-01-30T23:21:30","guid":{"rendered":"https:\/\/www.soleilgmbh.at\/shop\/impressum\/"},"modified":"2023-02-01T06:17:23","modified_gmt":"2023-02-01T05:17:23","slug":"impressum","status":"publish","type":"page","link":"https:\/\/www.soleilgmbh.at\/shop\/impressum\/","title":{"rendered":"Impressum"},"content":{"rendered":"<h1>Impressum<\/h1>\n<h2 class=\"adsimple-221135867 fusion-responsive-typography-calculated\" data-fontsize=\"34\" data-lineheight=\"47.6px\">Shop<\/h2>\n<p class=\"adsimple-221135867\">Informationspflicht laut \u00a75 E-Commerce Gesetz, \u00a714 Unternehmensgesetzbuch, \u00a763 Gewerbeordnung und Offenlegungspflicht laut \u00a725 Mediengesetz.<\/p>\n<p class=\"adsimple-221135867\">Sol Eil GmbH<br \/>\nDohnalstra\u00dfe 26,<br \/>\n4030 Linz,<br \/>\n\u00d6sterreich<\/p>\n<p class=\"adsimple-221135867\"><strong>UID-Nummer:<\/strong>\u00a0ATU68854215<br \/>\n<strong>Firmenbuchnummer:<\/strong>\u00a0419401t<br \/>\n<strong>Firmenbuchgericht:<\/strong>\u00a0Landesgericht Linz<br \/>\n<strong>Firmensitz:<\/strong>\u00a0Linz<\/p>\n<p class=\"adsimple-221135867\"><strong>Tel.:<\/strong> +43\u00a0660 11 33\u00a0077<br \/>\n<strong>E-Mail:<\/strong> info@soleilgmbh.at<\/p>\n<p class=\"adsimple-221135867\"><strong>Mitglied bei:<\/strong>\u00a0WKO: Landessinnung Handel<br \/>\n<strong>Berufsrecht:<\/strong>\u00a0Gewerbeordnung: www.ris.bka.gv.at<\/p>\n<p class=\"adsimple-221135867\"><strong>Aufsichtsbeh\u00f6rde\/Gewerbebeh\u00f6rde:<\/strong>\u00a0Bezirkshauptmannschaft Linz (Stadt)<br \/>\n<strong>Berufsbezeichnung:<\/strong>\u00a0Handel<br \/>\n<strong>Verleihungsstaat:<\/strong>\u00a0\u00d6sterreich<\/p>\n<p class=\"adsimple-221135867\"><strong>Gesch\u00e4ftsf\u00fchrer<\/strong><br \/>\nElvira ILMING<\/p>\n<p>Quelle: Erstellt\u00a0mit dem\u00a0<a title=\"Impressum Generator von firmenwebseiten.at\" href=\"https:\/\/www.firmenwebseiten.at\/impressum-generator\/\" target=\"_blank\" rel=\"follow noopener noreferrer\">Impressum Generator<\/a>\u00a0von firmenwebseiten.at\u00a0in Kooperation mit\u00a0<a class=\"external\" title=\"Botox Wien bei Dr. Wallentin\" href=\"https:\/\/www.wallentin.cc\/behandlung\/botox-wien-falten\/\" target=\"_blank\" rel=\"follow noopener noreferrer\">Dr. Wallentin<\/a><\/p>\n<h2 class=\"adsimple-221135864\">EU-Streitschlichtung<\/h2>\n<p>Gem\u00e4\u00df Verordnung \u00fcber Online-Streitbeilegung in Verbraucherangelegenheiten (ODR-Verordnung) m\u00f6chten wir Sie \u00fcber die Online-Streitbeilegungsplattform (OS-Plattform) informieren.<br \/>\nVerbraucher haben die M\u00f6glichkeit, Beschwerden an die Online Streitbeilegungsplattform der Europ\u00e4ischen Kommission unter <a class=\"external\" href=\"https:\/\/ec.europa.eu\/consumers\/odr\/main\/index.cfm?event=main.home2.show&amp;lng=DE\" target=\"_blank\" rel=\"nofollow noopener noreferrer\">http:\/\/ec.europa.eu\/odr?tid=221135864<\/a> zu richten. Die daf\u00fcr notwendigen Kontaktdaten finden Sie oberhalb in unserem Impressum.<\/p>\n<p>Wir m\u00f6chten Sie jedoch darauf hinweisen, dass wir nicht bereit oder verpflichtet sind, an Streitbeilegungsverfahren vor einer Verbraucherschlichtungsstelle teilzunehmen.<\/p>\n<h2 class=\"adsimple-221135864\">Haftung f\u00fcr Inhalte dieser Webseite<\/h2>\n<p>Wir entwickeln die Inhalte dieser Webseite st\u00e4ndig weiter und bem\u00fchen uns korrekte und aktuelle Informationen bereitzustellen. Leider k\u00f6nnen wir keine Haftung f\u00fcr die Korrektheit aller Inhalte auf dieser Webseite \u00fcbernehmen, speziell f\u00fcr jene die seitens Dritter bereitgestellt wurden.<\/p>\n<p>Sollten Ihnen problematische oder rechtswidrige Inhalte auffallen, bitten wir Sie uns umgehend zu kontaktieren, Sie finden die Kontaktdaten im Impressum.<\/p>\n<h2 class=\"adsimple-221135864\">Haftung f\u00fcr Links auf dieser Webseite<\/h2>\n<p>Unsere Webseite enth\u00e4lt Links zu anderen Webseiten f\u00fcr deren Inhalt wir nicht verantwortlich sind. Haftung f\u00fcr verlinkte Websites besteht laut <a class=\"external\" href=\"https:\/\/www.ris.bka.gv.at\/Dokument.wxe?Abfrage=Bundesnormen&amp;Dokumentnummer=NOR40025813&amp;tid=221135864\" target=\"_blank\" rel=\"noopener nofollow noreferrer\">\u00a7 17 ECG<\/a> f\u00fcr uns nicht, da wir keine Kenntnis rechtswidriger T\u00e4tigkeiten hatten und haben, uns solche Rechtswidrigkeiten auch bisher nicht aufgefallen sind und wir Links sofort entfernen w\u00fcrden, wenn uns Rechtswidrigkeiten bekannt werden.<\/p>\n<p>Wenn Ihnen rechtswidrige Links auf unserer Website auffallen, bitten wir Sie uns zu kontaktieren, Sie finden die Kontaktdaten im Impressum.<\/p>\n<h2 class=\"adsimple-221135864\">Urheberrechtshinweis<\/h2>\n<p>Alle Inhalte dieser Webseite (Bilder, Fotos, Texte, Videos) unterliegen dem Urheberrecht. Falls notwendig, werden wir die unerlaubte Nutzung von Teilen der Inhalte unserer Seite rechtlich verfolgen.<\/p>\n<h2 class=\"adsimple-221135864\">Bildernachweis<\/h2>\n<p>Die Bilder, Fotos und Grafiken auf dieser Webseite sind urheberrechtlich gesch\u00fctzt.<\/p>\n<p>Die Bilderrechte liegen bei den folgenden Fotografen und Unternehmen:<\/p>\n<ul class=\"adsimple-221135864\">\n<li class=\"adsimple-221135864\">Elvira ILMING<\/li>\n<\/ul>\n","protected":false},"excerpt":{"rendered":"<p>Impressum Shop Informationspflicht laut \u00a75 E-Commerce Gesetz, \u00a714 Unternehmensgesetzbuch, \u00a763 Gewerbeordnung und Offenlegungspflicht laut \u00a725 Mediengesetz. Sol Eil GmbH Dohnalstra\u00dfe 26, 4030 Linz, \u00d6sterreich UID-Nummer:\u00a0ATU68854215 Firmenbuchnummer:\u00a0419401t Firmenbuchgericht:\u00a0Landesgericht Linz Firmensitz:\u00a0Linz Tel.: +43\u00a0660 11 33\u00a0077 E-Mail: info@soleilgmbh.at Mitglied bei:\u00a0WKO: Landessinnung Handel Berufsrecht:\u00a0Gewerbeordnung: www.ris.bka.gv.at Aufsichtsbeh\u00f6rde\/Gewerbebeh\u00f6rde:\u00a0Bezirkshauptmannschaft Linz (Stadt) Berufsbezeichnung:\u00a0Handel Verleihungsstaat:\u00a0\u00d6sterreich Gesch\u00e4ftsf\u00fchrer Elvira ILMING Quelle: Erstellt\u00a0mit dem\u00a0Impressum Generator\u00a0von firmenwebseiten.at\u00a0in Kooperation [&hellip;]<\/p>\n","protected":false},"author":1,"featured_media":0,"parent":0,"menu_order":0,"comment_status":"closed","ping_status":"closed","template":"","meta":{"footnotes":""},"class_list":["post-93","page","type-page","status-publish","hentry"],"yoast_head":"<!-- This site is optimized with the Yoast SEO plugin v23.0 - https:\/\/yoast.com\/wordpress\/plugins\/seo\/ -->\n<title>Impressum - Soleil GmbH Shop<\/title>\n<meta name=\"robots\" content=\"index, follow, max-snippet:-1, max-image-preview:large, max-video-preview:-1\" \/>\n<link rel=\"canonical\" href=\"https:\/\/www.soleilgmbh.at\/shop\/impressum\/\" \/>\n<meta property=\"og:locale\" content=\"de_DE\" \/>\n<meta property=\"og:type\" content=\"article\" \/>\n<meta property=\"og:title\" content=\"Impressum - Soleil GmbH Shop\" \/>\n<meta property=\"og:description\" content=\"Impressum Shop Informationspflicht laut \u00a75 E-Commerce Gesetz, \u00a714 Unternehmensgesetzbuch, \u00a763 Gewerbeordnung und Offenlegungspflicht laut \u00a725 Mediengesetz. Sol Eil GmbH Dohnalstra\u00dfe 26, 4030 Linz, \u00d6sterreich UID-Nummer:\u00a0ATU68854215 Firmenbuchnummer:\u00a0419401t Firmenbuchgericht:\u00a0Landesgericht Linz Firmensitz:\u00a0Linz Tel.: +43\u00a0660 11 33\u00a0077 E-Mail: info@soleilgmbh.at Mitglied bei:\u00a0WKO: Landessinnung Handel Berufsrecht:\u00a0Gewerbeordnung: www.ris.bka.gv.at Aufsichtsbeh\u00f6rde\/Gewerbebeh\u00f6rde:\u00a0Bezirkshauptmannschaft Linz (Stadt) Berufsbezeichnung:\u00a0Handel Verleihungsstaat:\u00a0\u00d6sterreich Gesch\u00e4ftsf\u00fchrer Elvira ILMING Quelle: Erstellt\u00a0mit dem\u00a0Impressum Generator\u00a0von firmenwebseiten.at\u00a0in Kooperation [&hellip;]\" \/>\n<meta property=\"og:url\" content=\"https:\/\/www.soleilgmbh.at\/shop\/impressum\/\" \/>\n<meta property=\"og:site_name\" content=\"Soleil GmbH Shop\" \/>\n<meta property=\"article:modified_time\" content=\"2023-02-01T05:17:23+00:00\" \/>\n<meta name=\"twitter:card\" content=\"summary_large_image\" \/>\n<meta name=\"twitter:label1\" content=\"Gesch\u00e4tzte Lesezeit\" \/>\n\t<meta name=\"twitter:data1\" content=\"2\u00a0Minuten\" \/>\n<script type=\"application\/ld+json\" class=\"yoast-schema-graph\">{\"@context\":\"https:\/\/schema.org\",\"@graph\":[{\"@type\":\"WebPage\",\"@id\":\"https:\/\/www.soleilgmbh.at\/shop\/impressum\/\",\"url\":\"https:\/\/www.soleilgmbh.at\/shop\/impressum\/\",\"name\":\"Impressum - Soleil GmbH Shop\",\"isPartOf\":{\"@id\":\"https:\/\/www.soleilgmbh.at\/shop\/#website\"},\"datePublished\":\"2023-01-30T23:21:30+00:00\",\"dateModified\":\"2023-02-01T05:17:23+00:00\",\"breadcrumb\":{\"@id\":\"https:\/\/www.soleilgmbh.at\/shop\/impressum\/#breadcrumb\"},\"inLanguage\":\"de\",\"potentialAction\":[{\"@type\":\"ReadAction\",\"target\":[\"https:\/\/www.soleilgmbh.at\/shop\/impressum\/\"]}]},{\"@type\":\"BreadcrumbList\",\"@id\":\"https:\/\/www.soleilgmbh.at\/shop\/impressum\/#breadcrumb\",\"itemListElement\":[{\"@type\":\"ListItem\",\"position\":1,\"name\":\"Startseite\",\"item\":\"https:\/\/www.soleilgmbh.at\/shop\/\"},{\"@type\":\"ListItem\",\"position\":2,\"name\":\"Impressum\"}]},{\"@type\":\"WebSite\",\"@id\":\"https:\/\/www.soleilgmbh.at\/shop\/#website\",\"url\":\"https:\/\/www.soleilgmbh.at\/shop\/\",\"name\":\"Soleil GmbH Shop\",\"description\":\"\",\"publisher\":{\"@id\":\"https:\/\/www.soleilgmbh.at\/shop\/#organization\"},\"potentialAction\":[{\"@type\":\"SearchAction\",\"target\":{\"@type\":\"EntryPoint\",\"urlTemplate\":\"https:\/\/www.soleilgmbh.at\/shop\/?s={search_term_string}\"},\"query-input\":\"required name=search_term_string\"}],\"inLanguage\":\"de\"},{\"@type\":\"Organization\",\"@id\":\"https:\/\/www.soleilgmbh.at\/shop\/#organization\",\"name\":\"Soleil GmbH Shop\",\"url\":\"https:\/\/www.soleilgmbh.at\/shop\/\",\"logo\":{\"@type\":\"ImageObject\",\"inLanguage\":\"de\",\"@id\":\"https:\/\/www.soleilgmbh.at\/shop\/#\/schema\/logo\/image\/\",\"url\":\"https:\/\/www.soleilgmbh.at\/shop\/wp-content\/uploads\/sites\/5\/2023\/01\/EauSoleMio-Schwimmzeug-.-.png\",\"contentUrl\":\"https:\/\/www.soleilgmbh.at\/shop\/wp-content\/uploads\/sites\/5\/2023\/01\/EauSoleMio-Schwimmzeug-.-.png\",\"width\":1448,\"height\":370,\"caption\":\"Soleil GmbH Shop\"},\"image\":{\"@id\":\"https:\/\/www.soleilgmbh.at\/shop\/#\/schema\/logo\/image\/\"}}]}<\/script>\n<!-- \/ Yoast SEO plugin. -->","yoast_head_json":{"title":"Impressum - Soleil GmbH Shop","robots":{"index":"index","follow":"follow","max-snippet":"max-snippet:-1","max-image-preview":"max-image-preview:large","max-video-preview":"max-video-preview:-1"},"canonical":"https:\/\/www.soleilgmbh.at\/shop\/impressum\/","og_locale":"de_DE","og_type":"article","og_title":"Impressum - Soleil GmbH Shop","og_description":"Impressum Shop Informationspflicht laut \u00a75 E-Commerce Gesetz, \u00a714 Unternehmensgesetzbuch, \u00a763 Gewerbeordnung und Offenlegungspflicht laut \u00a725 Mediengesetz. Sol Eil GmbH Dohnalstra\u00dfe 26, 4030 Linz, \u00d6sterreich UID-Nummer:\u00a0ATU68854215 Firmenbuchnummer:\u00a0419401t Firmenbuchgericht:\u00a0Landesgericht Linz Firmensitz:\u00a0Linz Tel.: +43\u00a0660 11 33\u00a0077 E-Mail: info@soleilgmbh.at Mitglied bei:\u00a0WKO: Landessinnung Handel Berufsrecht:\u00a0Gewerbeordnung: www.ris.bka.gv.at Aufsichtsbeh\u00f6rde\/Gewerbebeh\u00f6rde:\u00a0Bezirkshauptmannschaft Linz (Stadt) Berufsbezeichnung:\u00a0Handel Verleihungsstaat:\u00a0\u00d6sterreich Gesch\u00e4ftsf\u00fchrer Elvira ILMING Quelle: Erstellt\u00a0mit dem\u00a0Impressum Generator\u00a0von firmenwebseiten.at\u00a0in Kooperation [&hellip;]","og_url":"https:\/\/www.soleilgmbh.at\/shop\/impressum\/","og_site_name":"Soleil GmbH Shop","article_modified_time":"2023-02-01T05:17:23+00:00","twitter_card":"summary_large_image","twitter_misc":{"Gesch\u00e4tzte Lesezeit":"2\u00a0Minuten"},"schema":{"@context":"https:\/\/schema.org","@graph":[{"@type":"WebPage","@id":"https:\/\/www.soleilgmbh.at\/shop\/impressum\/","url":"https:\/\/www.soleilgmbh.at\/shop\/impressum\/","name":"Impressum - Soleil GmbH Shop","isPartOf":{"@id":"https:\/\/www.soleilgmbh.at\/shop\/#website"},"datePublished":"2023-01-30T23:21:30+00:00","dateModified":"2023-02-01T05:17:23+00:00","breadcrumb":{"@id":"https:\/\/www.soleilgmbh.at\/shop\/impressum\/#breadcrumb"},"inLanguage":"de","potentialAction":[{"@type":"ReadAction","target":["https:\/\/www.soleilgmbh.at\/shop\/impressum\/"]}]},{"@type":"BreadcrumbList","@id":"https:\/\/www.soleilgmbh.at\/shop\/impressum\/#breadcrumb","itemListElement":[{"@type":"ListItem","position":1,"name":"Startseite","item":"https:\/\/www.soleilgmbh.at\/shop\/"},{"@type":"ListItem","position":2,"name":"Impressum"}]},{"@type":"WebSite","@id":"https:\/\/www.soleilgmbh.at\/shop\/#website","url":"https:\/\/www.soleilgmbh.at\/shop\/","name":"Soleil GmbH Shop","description":"","publisher":{"@id":"https:\/\/www.soleilgmbh.at\/shop\/#organization"},"potentialAction":[{"@type":"SearchAction","target":{"@type":"EntryPoint","urlTemplate":"https:\/\/www.soleilgmbh.at\/shop\/?s={search_term_string}"},"query-input":"required name=search_term_string"}],"inLanguage":"de"},{"@type":"Organization","@id":"https:\/\/www.soleilgmbh.at\/shop\/#organization","name":"Soleil GmbH Shop","url":"https:\/\/www.soleilgmbh.at\/shop\/","logo":{"@type":"ImageObject","inLanguage":"de","@id":"https:\/\/www.soleilgmbh.at\/shop\/#\/schema\/logo\/image\/","url":"https:\/\/www.soleilgmbh.at\/shop\/wp-content\/uploads\/sites\/5\/2023\/01\/EauSoleMio-Schwimmzeug-.-.png","contentUrl":"https:\/\/www.soleilgmbh.at\/shop\/wp-content\/uploads\/sites\/5\/2023\/01\/EauSoleMio-Schwimmzeug-.-.png","width":1448,"height":370,"caption":"Soleil GmbH Shop"},"image":{"@id":"https:\/\/www.soleilgmbh.at\/shop\/#\/schema\/logo\/image\/"}}]}},"_links":{"self":[{"href":"https:\/\/www.soleilgmbh.at\/shop\/wp-json\/wp\/v2\/pages\/93"}],"collection":[{"href":"https:\/\/www.soleilgmbh.at\/shop\/wp-json\/wp\/v2\/pages"}],"about":[{"href":"https:\/\/www.soleilgmbh.at\/shop\/wp-json\/wp\/v2\/types\/page"}],"author":[{"embeddable":true,"href":"https:\/\/www.soleilgmbh.at\/shop\/wp-json\/wp\/v2\/users\/1"}],"replies":[{"embeddable":true,"href":"https:\/\/www.soleilgmbh.at\/shop\/wp-json\/wp\/v2\/comments?post=93"}],"version-history":[{"count":3,"href":"https:\/\/www.soleilgmbh.at\/shop\/wp-json\/wp\/v2\/pages\/93\/revisions"}],"predecessor-version":[{"id":129,"href":"https:\/\/www.soleilgmbh.at\/shop\/wp-json\/wp\/v2\/pages\/93\/revisions\/129"}],"wp:attachment":[{"href":"https:\/\/www.soleilgmbh.at\/shop\/wp-json\/wp\/v2\/media?parent=93"}],"curies":[{"name":"wp","href":"https:\/\/api.w.org\/{rel}","templated":true}]}}